{"id":5797,"date":"2025-11-02T08:00:25","date_gmt":"2025-11-02T08:00:25","guid":{"rendered":"https:\/\/edmpco.com\/?post_type=product&#038;p=5797"},"modified":"2026-03-24T07:19:28","modified_gmt":"2026-03-24T07:19:28","slug":"remote-fault-indicator","status":"publish","type":"product","link":"https:\/\/edmpgroup.com\/fr\/product\/remote-fault-indicator\/","title":{"rendered":"Indicateur de d\u00e9faut \u00e0 distance"},"content":{"rendered":"<p>Con\u00e7u par EDMP, ce concentrateur de donn\u00e9es avanc\u00e9 L&rsquo;unit\u00e9 est sp\u00e9cialement con\u00e7ue pour les r\u00e9seaux de distribution modernes. Propuls\u00e9 par un RISC 32 bits haute performance int\u00e9gr\u00e9, il combine un logiciel intelligent et mat\u00e9riel pour fournir une surveillance fiable et en temps r\u00e9el des pannes et la d\u00e9tection. Avec une m\u00e9moire flash de grande capacit\u00e9 et un syst\u00e8me d&rsquo;alimentation de secours longue dur\u00e9e, il assure une l&rsquo;enregistrement des donn\u00e9es et l&rsquo;int\u00e9grit\u00e9 du syst\u00e8me, m\u00eame dans des situations difficiles conditions.<\/p>\n","protected":false},"excerpt":{"rendered":"<p>Con\u00e7u par EDMP, ce concentrateur de donn\u00e9es avanc\u00e9 L&rsquo;unit\u00e9 est sp\u00e9cialement con\u00e7ue pour les r\u00e9seaux de distribution modernes. Propuls\u00e9 par un RISC 32 bits haute performance int\u00e9gr\u00e9, il combine un logiciel intelligent et mat\u00e9riel pour fournir une surveillance fiable et en temps r\u00e9el des pannes et la d\u00e9tection. Avec une m\u00e9moire flash de grande capacit\u00e9 et un syst\u00e8me d&rsquo;alimentation de secours longue dur\u00e9e, il assure une l&rsquo;enregistrement des donn\u00e9es et l&rsquo;int\u00e9grit\u00e9 du syst\u00e8me, m\u00eame dans des situations difficiles conditions.<\/p>\n<p><a class=\"psacp-rdmr-btn\" href=\"https:\/\/edmpgroup.com\/wp-content\/uploads\/2025\/11\/2025\/11\/EDMP-Remote-Fault-Indicator-Datasheet.pdf\" target=\"_blank\" rel=\"noopener\">Fiche d&rsquo;information<\/a><\/p>\n","protected":false},"featured_media":6412,"comment_status":"open","ping_status":"closed","template":"","meta":[],"product_brand":[],"product_cat":[54],"product_tag":[],"class_list":{"0":"post-5797","1":"product","2":"type-product","3":"status-publish","4":"has-post-thumbnail","6":"product_cat-accessories","8":"first","9":"instock","10":"shipping-taxable","11":"product-type-simple"},"yoast_head":"<!-- This site is optimized with the Yoast SEO plugin v27.4 - https:\/\/yoast.com\/product\/yoast-seo-wordpress\/ -->\n<title>Indicateur de d\u00e9faut \u00e0 distance<\/title>\n<meta name=\"robots\" content=\"index, follow, max-snippet:-1, max-image-preview:large, max-video-preview:-1\" \/>\n<link rel=\"canonical\" href=\"https:\/\/edmpgroup.com\/fr\/product\/remote-fault-indicator\/\" \/>\n<meta property=\"og:locale\" content=\"fr_FR\" \/>\n<meta property=\"og:locale:alternate\" content=\"en_US\" \/>\n<meta property=\"og:locale:alternate\" content=\"es_ES\" \/>\n<meta property=\"og:type\" content=\"article\" \/>\n<meta property=\"og:title\" content=\"Indicateur de d\u00e9faut \u00e0 distance\" \/>\n<meta property=\"og:description\" content=\"Con\u00e7u par EDMP, ce concentrateur de donn\u00e9es avanc\u00e9 L&#039;unit\u00e9 est sp\u00e9cialement con\u00e7ue pour les r\u00e9seaux de distribution modernes. Propuls\u00e9 par un RISC 32 bits haute performance int\u00e9gr\u00e9, il combine un logiciel intelligent et mat\u00e9riel pour fournir une surveillance fiable et en temps r\u00e9el des pannes et la d\u00e9tection. Avec une m\u00e9moire flash de grande capacit\u00e9 et un syst\u00e8me d&#039;alimentation de secours longue dur\u00e9e, il assure une l&#039;enregistrement des donn\u00e9es et l&#039;int\u00e9grit\u00e9 du syst\u00e8me, m\u00eame dans des situations difficiles conditions.  Fiche d&#039;information\" \/>\n<meta property=\"og:url\" content=\"https:\/\/edmpgroup.com\/fr\/product\/remote-fault-indicator\/\" \/>\n<meta property=\"og:site_name\" content=\"Edmpco\" \/>\n<meta property=\"article:modified_time\" content=\"2026-03-24T07:19:28+00:00\" \/>\n<meta property=\"og:image\" content=\"https:\/\/edmpgroup.com\/wp-content\/uploads\/2025\/11\/Remote-Fault-Indicator.jpg\" \/>\n\t<meta property=\"og:image:width\" content=\"1458\" \/>\n\t<meta property=\"og:image:height\" content=\"1875\" \/>\n\t<meta property=\"og:image:type\" content=\"image\/jpeg\" \/>\n<meta name=\"twitter:card\" content=\"summary_large_image\" \/>\n<meta name=\"twitter:label1\" content=\"Dur\u00e9e de lecture estim\u00e9e\" \/>\n\t<meta name=\"twitter:data1\" content=\"1 minute\" \/>\n<script type=\"application\/ld+json\" class=\"yoast-schema-graph\">{\"@context\":\"https:\\\/\\\/schema.org\",\"@graph\":[{\"@type\":\"WebPage\",\"@id\":\"https:\\\/\\\/edmpgroup.com\\\/product\\\/remote-fault-indicator\\\/\",\"url\":\"https:\\\/\\\/edmpgroup.com\\\/product\\\/remote-fault-indicator\\\/\",\"name\":\"Indicateur de d\u00e9faut \u00e0 distance\",\"isPartOf\":{\"@id\":\"https:\\\/\\\/edmpgroup.com\\\/#website\"},\"primaryImageOfPage\":{\"@id\":\"https:\\\/\\\/edmpgroup.com\\\/product\\\/remote-fault-indicator\\\/#primaryimage\"},\"image\":{\"@id\":\"https:\\\/\\\/edmpgroup.com\\\/product\\\/remote-fault-indicator\\\/#primaryimage\"},\"thumbnailUrl\":\"https:\\\/\\\/edmpgroup.com\\\/wp-content\\\/uploads\\\/2025\\\/11\\\/Remote-Fault-Indicator.jpg\",\"datePublished\":\"2025-11-02T08:00:25+00:00\",\"dateModified\":\"2026-03-24T07:19:28+00:00\",\"breadcrumb\":{\"@id\":\"https:\\\/\\\/edmpgroup.com\\\/product\\\/remote-fault-indicator\\\/#breadcrumb\"},\"inLanguage\":\"fr-FR\",\"potentialAction\":[{\"@type\":\"ReadAction\",\"target\":[\"https:\\\/\\\/edmpgroup.com\\\/product\\\/remote-fault-indicator\\\/\"]}]},{\"@type\":\"ImageObject\",\"inLanguage\":\"fr-FR\",\"@id\":\"https:\\\/\\\/edmpgroup.com\\\/product\\\/remote-fault-indicator\\\/#primaryimage\",\"url\":\"https:\\\/\\\/edmpgroup.com\\\/wp-content\\\/uploads\\\/2025\\\/11\\\/Remote-Fault-Indicator.jpg\",\"contentUrl\":\"https:\\\/\\\/edmpgroup.com\\\/wp-content\\\/uploads\\\/2025\\\/11\\\/Remote-Fault-Indicator.jpg\",\"width\":1458,\"height\":1875},{\"@type\":\"BreadcrumbList\",\"@id\":\"https:\\\/\\\/edmpgroup.com\\\/product\\\/remote-fault-indicator\\\/#breadcrumb\",\"itemListElement\":[{\"@type\":\"ListItem\",\"position\":1,\"name\":\"Home\",\"item\":\"https:\\\/\\\/edmpgroup.com\\\/\"},{\"@type\":\"ListItem\",\"position\":2,\"name\":\"Shop\",\"item\":\"https:\\\/\\\/edmpgroup.com\\\/shop\\\/\"},{\"@type\":\"ListItem\",\"position\":3,\"name\":\"Remote Fault Indicator\"}]},{\"@type\":\"WebSite\",\"@id\":\"https:\\\/\\\/edmpgroup.com\\\/#website\",\"url\":\"https:\\\/\\\/edmpgroup.com\\\/\",\"name\":\"Edmpco\",\"description\":\"Engineering, Design, Management & Planning | Product Show\",\"publisher\":{\"@id\":\"https:\\\/\\\/edmpgroup.com\\\/#organization\"},\"potentialAction\":[{\"@type\":\"SearchAction\",\"target\":{\"@type\":\"EntryPoint\",\"urlTemplate\":\"https:\\\/\\\/edmpgroup.com\\\/?s={search_term_string}\"},\"query-input\":{\"@type\":\"PropertyValueSpecification\",\"valueRequired\":true,\"valueName\":\"search_term_string\"}}],\"inLanguage\":\"fr-FR\"},{\"@type\":\"Organization\",\"@id\":\"https:\\\/\\\/edmpgroup.com\\\/#organization\",\"name\":\"Edmpco\",\"url\":\"https:\\\/\\\/edmpgroup.com\\\/\",\"logo\":{\"@type\":\"ImageObject\",\"inLanguage\":\"fr-FR\",\"@id\":\"https:\\\/\\\/edmpgroup.com\\\/#\\\/schema\\\/logo\\\/image\\\/\",\"url\":\"https:\\\/\\\/edmpco.com\\\/wp-content\\\/uploads\\\/2025\\\/10\\\/EDMP.svg\",\"contentUrl\":\"https:\\\/\\\/edmpco.com\\\/wp-content\\\/uploads\\\/2025\\\/10\\\/EDMP.svg\",\"width\":350,\"height\":105,\"caption\":\"Edmpco\"},\"image\":{\"@id\":\"https:\\\/\\\/edmpgroup.com\\\/#\\\/schema\\\/logo\\\/image\\\/\"}}]}<\/script>\n<!-- \/ Yoast SEO plugin. -->","yoast_head_json":{"title":"Indicateur de d\u00e9faut \u00e0 distance","robots":{"index":"index","follow":"follow","max-snippet":"max-snippet:-1","max-image-preview":"max-image-preview:large","max-video-preview":"max-video-preview:-1"},"canonical":"https:\/\/edmpgroup.com\/fr\/product\/remote-fault-indicator\/","og_locale":"fr_FR","og_type":"article","og_title":"[:en]Remote Fault Indicator[:es]Indicador de falla remota[:fr]Indicateur de d\u00e9faut \u00e0 distance[:] - Edmpco","og_description":"Con\u00e7u par EDMP, ce concentrateur de donn\u00e9es avanc\u00e9 L'unit\u00e9 est sp\u00e9cialement con\u00e7ue pour les r\u00e9seaux de distribution modernes. Propuls\u00e9 par un RISC 32 bits haute performance int\u00e9gr\u00e9, il combine un logiciel intelligent et mat\u00e9riel pour fournir une surveillance fiable et en temps r\u00e9el des pannes et la d\u00e9tection. Avec une m\u00e9moire flash de grande capacit\u00e9 et un syst\u00e8me d'alimentation de secours longue dur\u00e9e, il assure une l'enregistrement des donn\u00e9es et l'int\u00e9grit\u00e9 du syst\u00e8me, m\u00eame dans des situations difficiles conditions.  Fiche d'information","og_url":"https:\/\/edmpgroup.com\/fr\/product\/remote-fault-indicator\/","og_site_name":"Edmpco","article_modified_time":"2026-03-24T07:19:28+00:00","og_image":[{"width":1458,"height":1875,"url":"https:\/\/edmpgroup.com\/wp-content\/uploads\/2025\/11\/Remote-Fault-Indicator.jpg","type":"image\/jpeg"}],"twitter_card":"summary_large_image","twitter_misc":{"Dur\u00e9e de lecture estim\u00e9e":"1 minute"},"schema":{"@context":"https:\/\/schema.org","@graph":[{"@type":"WebPage","@id":"https:\/\/edmpgroup.com\/product\/remote-fault-indicator\/","url":"https:\/\/edmpgroup.com\/product\/remote-fault-indicator\/","name":"Indicateur de d\u00e9faut \u00e0 distance","isPartOf":{"@id":"https:\/\/edmpgroup.com\/#website"},"primaryImageOfPage":{"@id":"https:\/\/edmpgroup.com\/product\/remote-fault-indicator\/#primaryimage"},"image":{"@id":"https:\/\/edmpgroup.com\/product\/remote-fault-indicator\/#primaryimage"},"thumbnailUrl":"https:\/\/edmpgroup.com\/wp-content\/uploads\/2025\/11\/Remote-Fault-Indicator.jpg","datePublished":"2025-11-02T08:00:25+00:00","dateModified":"2026-03-24T07:19:28+00:00","breadcrumb":{"@id":"https:\/\/edmpgroup.com\/product\/remote-fault-indicator\/#breadcrumb"},"inLanguage":"fr-FR","potentialAction":[{"@type":"ReadAction","target":["https:\/\/edmpgroup.com\/product\/remote-fault-indicator\/"]}]},{"@type":"ImageObject","inLanguage":"fr-FR","@id":"https:\/\/edmpgroup.com\/product\/remote-fault-indicator\/#primaryimage","url":"https:\/\/edmpgroup.com\/wp-content\/uploads\/2025\/11\/Remote-Fault-Indicator.jpg","contentUrl":"https:\/\/edmpgroup.com\/wp-content\/uploads\/2025\/11\/Remote-Fault-Indicator.jpg","width":1458,"height":1875},{"@type":"BreadcrumbList","@id":"https:\/\/edmpgroup.com\/product\/remote-fault-indicator\/#breadcrumb","itemListElement":[{"@type":"ListItem","position":1,"name":"Home","item":"https:\/\/edmpgroup.com\/"},{"@type":"ListItem","position":2,"name":"Shop","item":"https:\/\/edmpgroup.com\/shop\/"},{"@type":"ListItem","position":3,"name":"Remote Fault Indicator"}]},{"@type":"WebSite","@id":"https:\/\/edmpgroup.com\/#website","url":"https:\/\/edmpgroup.com\/","name":"Edmpco","description":"Engineering, Design, Management & Planning | Product Show","publisher":{"@id":"https:\/\/edmpgroup.com\/#organization"},"potentialAction":[{"@type":"SearchAction","target":{"@type":"EntryPoint","urlTemplate":"https:\/\/edmpgroup.com\/?s={search_term_string}"},"query-input":{"@type":"PropertyValueSpecification","valueRequired":true,"valueName":"search_term_string"}}],"inLanguage":"fr-FR"},{"@type":"Organization","@id":"https:\/\/edmpgroup.com\/#organization","name":"Edmpco","url":"https:\/\/edmpgroup.com\/","logo":{"@type":"ImageObject","inLanguage":"fr-FR","@id":"https:\/\/edmpgroup.com\/#\/schema\/logo\/image\/","url":"https:\/\/edmpco.com\/wp-content\/uploads\/2025\/10\/EDMP.svg","contentUrl":"https:\/\/edmpco.com\/wp-content\/uploads\/2025\/10\/EDMP.svg","width":350,"height":105,"caption":"Edmpco"},"image":{"@id":"https:\/\/edmpgroup.com\/#\/schema\/logo\/image\/"}}]}},"_links":{"self":[{"href":"https:\/\/edmpgroup.com\/fr\/wp-json\/wp\/v2\/product\/5797","targetHints":{"allow":["GET"]}}],"collection":[{"href":"https:\/\/edmpgroup.com\/fr\/wp-json\/wp\/v2\/product"}],"about":[{"href":"https:\/\/edmpgroup.com\/fr\/wp-json\/wp\/v2\/types\/product"}],"replies":[{"embeddable":true,"href":"https:\/\/edmpgroup.com\/fr\/wp-json\/wp\/v2\/comments?post=5797"}],"wp:featuredmedia":[{"embeddable":true,"href":"https:\/\/edmpgroup.com\/fr\/wp-json\/wp\/v2\/media\/6412"}],"wp:attachment":[{"href":"https:\/\/edmpgroup.com\/fr\/wp-json\/wp\/v2\/media?parent=5797"}],"wp:term":[{"taxonomy":"product_brand","embeddable":true,"href":"https:\/\/edmpgroup.com\/fr\/wp-json\/wp\/v2\/product_brand?post=5797"},{"taxonomy":"product_cat","embeddable":true,"href":"https:\/\/edmpgroup.com\/fr\/wp-json\/wp\/v2\/product_cat?post=5797"},{"taxonomy":"product_tag","embeddable":true,"href":"https:\/\/edmpgroup.com\/fr\/wp-json\/wp\/v2\/product_tag?post=5797"}],"curies":[{"name":"wp","href":"https:\/\/api.w.org\/{rel}","templated":true}]}}