{"id":5785,"date":"2025-11-02T12:47:39","date_gmt":"2025-11-02T12:47:39","guid":{"rendered":"https:\/\/edmpco.com\/?post_type=product&#038;p=5785"},"modified":"2026-03-24T07:07:37","modified_gmt":"2026-03-24T07:07:37","slug":"gridmate-bess-battery-energy-storage-system","status":"publish","type":"product","link":"https:\/\/edmpgroup.com\/fr\/product\/gridmate-bess-battery-energy-storage-system\/","title":{"rendered":"GridMate (BESS)"},"content":{"rendered":"<p>EDMP propose une gamme polyvalente de syst\u00e8mes de stockage d&rsquo;\u00e9nergie par batterie (BESS) con\u00e7us pour r\u00e9pondre \u00e0 un large \u00e9ventail de besoins de stockage d&rsquo;\u00e9nergie et de secours. Des unit\u00e9s d&rsquo;alimentation portables compactes de 300W\/296Wh et 1200W\/1132Wh au syst\u00e8me avanc\u00e9 refroidi par liquide de 100kW\/215kWh, les solutions d&rsquo;EDMP prennent en charge les applications r\u00e9sidentielles, commerciales et industrielles avec une efficacit\u00e9 et une fiabilit\u00e9 \u00e9lev\u00e9es. Le syst\u00e8me monophas\u00e9 tout-en-un de stockage d&rsquo;\u00e9nergie photovolta\u00efque int\u00e8gre les fonctions d&rsquo;entr\u00e9e solaire, de stockage et de sortie, id\u00e9al pour les installations hors r\u00e9seau (off-grid) ou hybrides.<\/p>\n","protected":false},"excerpt":{"rendered":"<p>EDMP propose une gamme polyvalente de syst\u00e8mes de stockage d&rsquo;\u00e9nergie par batterie (BESS) con\u00e7us pour r\u00e9pondre \u00e0 un large \u00e9ventail de besoins de stockage d&rsquo;\u00e9nergie et de secours. Des unit\u00e9s d&rsquo;alimentation portables compactes de 300W\/296Wh et 1200W\/1132Wh au syst\u00e8me avanc\u00e9 refroidi par liquide de 100kW\/215kWh, les solutions d&rsquo;EDMP prennent en charge les applications r\u00e9sidentielles, commerciales et industrielles avec une efficacit\u00e9 et une fiabilit\u00e9 \u00e9lev\u00e9es. Le syst\u00e8me monophas\u00e9 tout-en-un de stockage d&rsquo;\u00e9nergie photovolta\u00efque int\u00e8gre les fonctions d&rsquo;entr\u00e9e solaire, de stockage et de sortie, id\u00e9al pour les installations hors r\u00e9seau (off-grid) ou hybrides.<\/p>\n<p><a class=\"psacp-rdmr-btn\" href=\"https:\/\/edmpgroup.com\/wp-content\/uploads\/2025\/11\/EDMP-BESS-Products-Datasheet.pdf\" target=\"_blank\" rel=\"noopener\">Fiche d&rsquo;information<\/a><\/p>\n","protected":false},"featured_media":6404,"comment_status":"open","ping_status":"closed","template":"","meta":[],"product_brand":[],"product_cat":[54],"product_tag":[],"class_list":{"0":"post-5785","1":"product","2":"type-product","3":"status-publish","4":"has-post-thumbnail","6":"product_cat-accessories","8":"first","9":"instock","10":"shipping-taxable","11":"product-type-simple"},"yoast_head":"<!-- This site is optimized with the Yoast SEO plugin v27.4 - https:\/\/yoast.com\/product\/yoast-seo-wordpress\/ -->\n<title>GridMate (BESS)<\/title>\n<meta name=\"robots\" content=\"index, follow, max-snippet:-1, max-image-preview:large, max-video-preview:-1\" \/>\n<link rel=\"canonical\" href=\"https:\/\/edmpgroup.com\/fr\/product\/gridmate-bess-battery-energy-storage-system\/\" \/>\n<meta property=\"og:locale\" content=\"fr_FR\" \/>\n<meta property=\"og:locale:alternate\" content=\"en_US\" \/>\n<meta property=\"og:locale:alternate\" content=\"es_ES\" \/>\n<meta property=\"og:type\" content=\"article\" \/>\n<meta property=\"og:title\" content=\"GridMate (BESS)\" \/>\n<meta property=\"og:description\" content=\"EDMP propose une gamme polyvalente de syst\u00e8mes de stockage d&#039;\u00e9nergie par batterie (BESS) con\u00e7us pour r\u00e9pondre \u00e0 un large \u00e9ventail de besoins de stockage d&#039;\u00e9nergie et de secours. Des unit\u00e9s d&#039;alimentation portables compactes de 300W\/296Wh et 1200W\/1132Wh au syst\u00e8me avanc\u00e9 refroidi par liquide de 100kW\/215kWh, les solutions d&#039;EDMP prennent en charge les applications r\u00e9sidentielles, commerciales et industrielles avec une efficacit\u00e9 et une fiabilit\u00e9 \u00e9lev\u00e9es. Le syst\u00e8me monophas\u00e9 tout-en-un de stockage d&#039;\u00e9nergie photovolta\u00efque int\u00e8gre les fonctions d&#039;entr\u00e9e solaire, de stockage et de sortie, id\u00e9al pour les installations hors r\u00e9seau (off-grid) ou hybrides.  Fiche d&#039;information\" \/>\n<meta property=\"og:url\" content=\"https:\/\/edmpgroup.com\/fr\/product\/gridmate-bess-battery-energy-storage-system\/\" \/>\n<meta property=\"og:site_name\" content=\"Edmpco\" \/>\n<meta property=\"article:modified_time\" content=\"2026-03-24T07:07:37+00:00\" \/>\n<meta property=\"og:image\" content=\"https:\/\/edmpgroup.com\/wp-content\/uploads\/2025\/11\/GridMate.jpg\" \/>\n\t<meta property=\"og:image:width\" content=\"1458\" \/>\n\t<meta property=\"og:image:height\" content=\"1875\" \/>\n\t<meta property=\"og:image:type\" content=\"image\/jpeg\" \/>\n<meta name=\"twitter:card\" content=\"summary_large_image\" \/>\n<meta name=\"twitter:label1\" content=\"Dur\u00e9e de lecture estim\u00e9e\" \/>\n\t<meta name=\"twitter:data1\" content=\"1 minute\" \/>\n<script type=\"application\/ld+json\" class=\"yoast-schema-graph\">{\"@context\":\"https:\\\/\\\/schema.org\",\"@graph\":[{\"@type\":\"WebPage\",\"@id\":\"https:\\\/\\\/edmpgroup.com\\\/product\\\/gridmate-bess-battery-energy-storage-system\\\/\",\"url\":\"https:\\\/\\\/edmpgroup.com\\\/product\\\/gridmate-bess-battery-energy-storage-system\\\/\",\"name\":\"GridMate (BESS)\",\"isPartOf\":{\"@id\":\"https:\\\/\\\/edmpgroup.com\\\/#website\"},\"primaryImageOfPage\":{\"@id\":\"https:\\\/\\\/edmpgroup.com\\\/product\\\/gridmate-bess-battery-energy-storage-system\\\/#primaryimage\"},\"image\":{\"@id\":\"https:\\\/\\\/edmpgroup.com\\\/product\\\/gridmate-bess-battery-energy-storage-system\\\/#primaryimage\"},\"thumbnailUrl\":\"https:\\\/\\\/edmpgroup.com\\\/wp-content\\\/uploads\\\/2025\\\/11\\\/GridMate.jpg\",\"datePublished\":\"2025-11-02T12:47:39+00:00\",\"dateModified\":\"2026-03-24T07:07:37+00:00\",\"breadcrumb\":{\"@id\":\"https:\\\/\\\/edmpgroup.com\\\/product\\\/gridmate-bess-battery-energy-storage-system\\\/#breadcrumb\"},\"inLanguage\":\"fr-FR\",\"potentialAction\":[{\"@type\":\"ReadAction\",\"target\":[\"https:\\\/\\\/edmpgroup.com\\\/product\\\/gridmate-bess-battery-energy-storage-system\\\/\"]}]},{\"@type\":\"ImageObject\",\"inLanguage\":\"fr-FR\",\"@id\":\"https:\\\/\\\/edmpgroup.com\\\/product\\\/gridmate-bess-battery-energy-storage-system\\\/#primaryimage\",\"url\":\"https:\\\/\\\/edmpgroup.com\\\/wp-content\\\/uploads\\\/2025\\\/11\\\/GridMate.jpg\",\"contentUrl\":\"https:\\\/\\\/edmpgroup.com\\\/wp-content\\\/uploads\\\/2025\\\/11\\\/GridMate.jpg\",\"width\":1458,\"height\":1875},{\"@type\":\"BreadcrumbList\",\"@id\":\"https:\\\/\\\/edmpgroup.com\\\/product\\\/gridmate-bess-battery-energy-storage-system\\\/#breadcrumb\",\"itemListElement\":[{\"@type\":\"ListItem\",\"position\":1,\"name\":\"Home\",\"item\":\"https:\\\/\\\/edmpgroup.com\\\/\"},{\"@type\":\"ListItem\",\"position\":2,\"name\":\"Shop\",\"item\":\"https:\\\/\\\/edmpgroup.com\\\/shop\\\/\"},{\"@type\":\"ListItem\",\"position\":3,\"name\":\"GridMate (BESS)\"}]},{\"@type\":\"WebSite\",\"@id\":\"https:\\\/\\\/edmpgroup.com\\\/#website\",\"url\":\"https:\\\/\\\/edmpgroup.com\\\/\",\"name\":\"Edmpco\",\"description\":\"Engineering, Design, Management & Planning | Product Show\",\"publisher\":{\"@id\":\"https:\\\/\\\/edmpgroup.com\\\/#organization\"},\"potentialAction\":[{\"@type\":\"SearchAction\",\"target\":{\"@type\":\"EntryPoint\",\"urlTemplate\":\"https:\\\/\\\/edmpgroup.com\\\/?s={search_term_string}\"},\"query-input\":{\"@type\":\"PropertyValueSpecification\",\"valueRequired\":true,\"valueName\":\"search_term_string\"}}],\"inLanguage\":\"fr-FR\"},{\"@type\":\"Organization\",\"@id\":\"https:\\\/\\\/edmpgroup.com\\\/#organization\",\"name\":\"Edmpco\",\"url\":\"https:\\\/\\\/edmpgroup.com\\\/\",\"logo\":{\"@type\":\"ImageObject\",\"inLanguage\":\"fr-FR\",\"@id\":\"https:\\\/\\\/edmpgroup.com\\\/#\\\/schema\\\/logo\\\/image\\\/\",\"url\":\"https:\\\/\\\/edmpco.com\\\/wp-content\\\/uploads\\\/2025\\\/10\\\/EDMP.svg\",\"contentUrl\":\"https:\\\/\\\/edmpco.com\\\/wp-content\\\/uploads\\\/2025\\\/10\\\/EDMP.svg\",\"width\":350,\"height\":105,\"caption\":\"Edmpco\"},\"image\":{\"@id\":\"https:\\\/\\\/edmpgroup.com\\\/#\\\/schema\\\/logo\\\/image\\\/\"}}]}<\/script>\n<!-- \/ Yoast SEO plugin. -->","yoast_head_json":{"title":"GridMate (BESS)","robots":{"index":"index","follow":"follow","max-snippet":"max-snippet:-1","max-image-preview":"max-image-preview:large","max-video-preview":"max-video-preview:-1"},"canonical":"https:\/\/edmpgroup.com\/fr\/product\/gridmate-bess-battery-energy-storage-system\/","og_locale":"fr_FR","og_type":"article","og_title":"[:en]GridMate (BESS)[:es]GridMate (BESS)[:fr]GridMate (BESS)[:] - Edmpco","og_description":"EDMP propose une gamme polyvalente de syst\u00e8mes de stockage d'\u00e9nergie par batterie (BESS) con\u00e7us pour r\u00e9pondre \u00e0 un large \u00e9ventail de besoins de stockage d'\u00e9nergie et de secours. Des unit\u00e9s d'alimentation portables compactes de 300W\/296Wh et 1200W\/1132Wh au syst\u00e8me avanc\u00e9 refroidi par liquide de 100kW\/215kWh, les solutions d'EDMP prennent en charge les applications r\u00e9sidentielles, commerciales et industrielles avec une efficacit\u00e9 et une fiabilit\u00e9 \u00e9lev\u00e9es. Le syst\u00e8me monophas\u00e9 tout-en-un de stockage d'\u00e9nergie photovolta\u00efque int\u00e8gre les fonctions d'entr\u00e9e solaire, de stockage et de sortie, id\u00e9al pour les installations hors r\u00e9seau (off-grid) ou hybrides.  Fiche d'information","og_url":"https:\/\/edmpgroup.com\/fr\/product\/gridmate-bess-battery-energy-storage-system\/","og_site_name":"Edmpco","article_modified_time":"2026-03-24T07:07:37+00:00","og_image":[{"width":1458,"height":1875,"url":"https:\/\/edmpgroup.com\/wp-content\/uploads\/2025\/11\/GridMate.jpg","type":"image\/jpeg"}],"twitter_card":"summary_large_image","twitter_misc":{"Dur\u00e9e de lecture estim\u00e9e":"1 minute"},"schema":{"@context":"https:\/\/schema.org","@graph":[{"@type":"WebPage","@id":"https:\/\/edmpgroup.com\/product\/gridmate-bess-battery-energy-storage-system\/","url":"https:\/\/edmpgroup.com\/product\/gridmate-bess-battery-energy-storage-system\/","name":"GridMate (BESS)","isPartOf":{"@id":"https:\/\/edmpgroup.com\/#website"},"primaryImageOfPage":{"@id":"https:\/\/edmpgroup.com\/product\/gridmate-bess-battery-energy-storage-system\/#primaryimage"},"image":{"@id":"https:\/\/edmpgroup.com\/product\/gridmate-bess-battery-energy-storage-system\/#primaryimage"},"thumbnailUrl":"https:\/\/edmpgroup.com\/wp-content\/uploads\/2025\/11\/GridMate.jpg","datePublished":"2025-11-02T12:47:39+00:00","dateModified":"2026-03-24T07:07:37+00:00","breadcrumb":{"@id":"https:\/\/edmpgroup.com\/product\/gridmate-bess-battery-energy-storage-system\/#breadcrumb"},"inLanguage":"fr-FR","potentialAction":[{"@type":"ReadAction","target":["https:\/\/edmpgroup.com\/product\/gridmate-bess-battery-energy-storage-system\/"]}]},{"@type":"ImageObject","inLanguage":"fr-FR","@id":"https:\/\/edmpgroup.com\/product\/gridmate-bess-battery-energy-storage-system\/#primaryimage","url":"https:\/\/edmpgroup.com\/wp-content\/uploads\/2025\/11\/GridMate.jpg","contentUrl":"https:\/\/edmpgroup.com\/wp-content\/uploads\/2025\/11\/GridMate.jpg","width":1458,"height":1875},{"@type":"BreadcrumbList","@id":"https:\/\/edmpgroup.com\/product\/gridmate-bess-battery-energy-storage-system\/#breadcrumb","itemListElement":[{"@type":"ListItem","position":1,"name":"Home","item":"https:\/\/edmpgroup.com\/"},{"@type":"ListItem","position":2,"name":"Shop","item":"https:\/\/edmpgroup.com\/shop\/"},{"@type":"ListItem","position":3,"name":"GridMate (BESS)"}]},{"@type":"WebSite","@id":"https:\/\/edmpgroup.com\/#website","url":"https:\/\/edmpgroup.com\/","name":"Edmpco","description":"Engineering, Design, Management & Planning | Product Show","publisher":{"@id":"https:\/\/edmpgroup.com\/#organization"},"potentialAction":[{"@type":"SearchAction","target":{"@type":"EntryPoint","urlTemplate":"https:\/\/edmpgroup.com\/?s={search_term_string}"},"query-input":{"@type":"PropertyValueSpecification","valueRequired":true,"valueName":"search_term_string"}}],"inLanguage":"fr-FR"},{"@type":"Organization","@id":"https:\/\/edmpgroup.com\/#organization","name":"Edmpco","url":"https:\/\/edmpgroup.com\/","logo":{"@type":"ImageObject","inLanguage":"fr-FR","@id":"https:\/\/edmpgroup.com\/#\/schema\/logo\/image\/","url":"https:\/\/edmpco.com\/wp-content\/uploads\/2025\/10\/EDMP.svg","contentUrl":"https:\/\/edmpco.com\/wp-content\/uploads\/2025\/10\/EDMP.svg","width":350,"height":105,"caption":"Edmpco"},"image":{"@id":"https:\/\/edmpgroup.com\/#\/schema\/logo\/image\/"}}]}},"_links":{"self":[{"href":"https:\/\/edmpgroup.com\/fr\/wp-json\/wp\/v2\/product\/5785","targetHints":{"allow":["GET"]}}],"collection":[{"href":"https:\/\/edmpgroup.com\/fr\/wp-json\/wp\/v2\/product"}],"about":[{"href":"https:\/\/edmpgroup.com\/fr\/wp-json\/wp\/v2\/types\/product"}],"replies":[{"embeddable":true,"href":"https:\/\/edmpgroup.com\/fr\/wp-json\/wp\/v2\/comments?post=5785"}],"wp:featuredmedia":[{"embeddable":true,"href":"https:\/\/edmpgroup.com\/fr\/wp-json\/wp\/v2\/media\/6404"}],"wp:attachment":[{"href":"https:\/\/edmpgroup.com\/fr\/wp-json\/wp\/v2\/media?parent=5785"}],"wp:term":[{"taxonomy":"product_brand","embeddable":true,"href":"https:\/\/edmpgroup.com\/fr\/wp-json\/wp\/v2\/product_brand?post=5785"},{"taxonomy":"product_cat","embeddable":true,"href":"https:\/\/edmpgroup.com\/fr\/wp-json\/wp\/v2\/product_cat?post=5785"},{"taxonomy":"product_tag","embeddable":true,"href":"https:\/\/edmpgroup.com\/fr\/wp-json\/wp\/v2\/product_tag?post=5785"}],"curies":[{"name":"wp","href":"https:\/\/api.w.org\/{rel}","templated":true}]}}