{"id":5741,"date":"2025-11-04T09:00:54","date_gmt":"2025-11-04T09:00:54","guid":{"rendered":"https:\/\/edmpco.com\/?post_type=product&#038;p=5741"},"modified":"2026-03-24T07:29:22","modified_gmt":"2026-03-24T07:29:22","slug":"modems-g3-plc-module","status":"publish","type":"product","link":"https:\/\/edmpgroup.com\/fr\/product\/modems-g3-plc-module\/","title":{"rendered":"G3-PLC Module"},"content":{"rendered":"<p>Le module G3PLC red\u00e9finit la communication par courant porteur avec un transfert de donn\u00e9es \u00e0 haut d\u00e9bit et des capacit\u00e9s anti-interf\u00e9rences exceptionnelles, d\u00e9passant les solutions API traditionnelles. G3-PLC am\u00e9liore non seulement la vitesse de communication, mais minimise \u00e9galement les co\u00fbts d&rsquo;exploitation gr\u00e2ce \u00e0 sa conception n\u00e9cessitant peu d&rsquo;entretien. Le r\u00e9seau auto-organis\u00e9 dispose d&rsquo;un adressage automatique et d&rsquo;une maintenance des itin\u00e9raires, garantissant des processus de relev\u00e9 de compteurs fluides et efficaces.<\/p>\n","protected":false},"excerpt":{"rendered":"<p>Le module G3PLC red\u00e9finit la communication par courant porteur avec un transfert de donn\u00e9es \u00e0 haut d\u00e9bit et des capacit\u00e9s anti-interf\u00e9rences exceptionnelles, d\u00e9passant les solutions API traditionnelles. G3-PLC am\u00e9liore non seulement la vitesse de communication, mais minimise \u00e9galement les co\u00fbts d&rsquo;exploitation gr\u00e2ce \u00e0 sa conception n\u00e9cessitant peu d&rsquo;entretien. Le r\u00e9seau auto-organis\u00e9 dispose d&rsquo;un adressage automatique et d&rsquo;une maintenance des itin\u00e9raires, garantissant des processus de relev\u00e9 de compteurs fluides et efficaces.<\/p>\n<p><a class=\"psacp-rdmr-btn\" href=\"https:\/\/edmpgroup.com\/wp-content\/uploads\/2025\/11\/EDMP-G3PLC.pdf\" target=\"_blank\" rel=\"noopener\">Fiche d&rsquo;information<\/a><\/p>\n","protected":false},"featured_media":6448,"comment_status":"open","ping_status":"closed","template":"","meta":[],"product_brand":[],"product_cat":[51],"product_tag":[],"class_list":{"0":"post-5741","1":"product","2":"type-product","3":"status-publish","4":"has-post-thumbnail","6":"product_cat-communication-technologies","8":"first","9":"instock","10":"shipping-taxable","11":"product-type-simple"},"yoast_head":"<!-- This site is optimized with the Yoast SEO plugin v27.4 - https:\/\/yoast.com\/product\/yoast-seo-wordpress\/ -->\n<title>G3-PLC Module<\/title>\n<meta name=\"robots\" content=\"index, follow, max-snippet:-1, max-image-preview:large, max-video-preview:-1\" \/>\n<link rel=\"canonical\" href=\"https:\/\/edmpgroup.com\/fr\/product\/modems-g3-plc-module\/\" \/>\n<meta property=\"og:locale\" content=\"fr_FR\" \/>\n<meta property=\"og:locale:alternate\" content=\"en_US\" \/>\n<meta property=\"og:locale:alternate\" content=\"es_ES\" \/>\n<meta property=\"og:type\" content=\"article\" \/>\n<meta property=\"og:title\" content=\"G3-PLC Module\" \/>\n<meta property=\"og:description\" content=\"Le module G3PLC red\u00e9finit la communication par courant porteur avec un transfert de donn\u00e9es \u00e0 haut d\u00e9bit et des capacit\u00e9s anti-interf\u00e9rences exceptionnelles, d\u00e9passant les solutions API traditionnelles. G3-PLC am\u00e9liore non seulement la vitesse de communication, mais minimise \u00e9galement les co\u00fbts d&#039;exploitation gr\u00e2ce \u00e0 sa conception n\u00e9cessitant peu d&#039;entretien. Le r\u00e9seau auto-organis\u00e9 dispose d&#039;un adressage automatique et d&#039;une maintenance des itin\u00e9raires, garantissant des processus de relev\u00e9 de compteurs fluides et efficaces.  Fiche d&#039;information\" \/>\n<meta property=\"og:url\" content=\"https:\/\/edmpgroup.com\/fr\/product\/modems-g3-plc-module\/\" \/>\n<meta property=\"og:site_name\" content=\"Edmpco\" \/>\n<meta property=\"article:modified_time\" content=\"2026-03-24T07:29:22+00:00\" \/>\n<meta property=\"og:image\" content=\"https:\/\/edmpgroup.com\/wp-content\/uploads\/2025\/11\/G3-PLC-Module.jpg\" \/>\n\t<meta property=\"og:image:width\" content=\"1458\" \/>\n\t<meta property=\"og:image:height\" content=\"1875\" \/>\n\t<meta property=\"og:image:type\" content=\"image\/jpeg\" \/>\n<meta name=\"twitter:card\" content=\"summary_large_image\" \/>\n<meta name=\"twitter:label1\" content=\"Dur\u00e9e de lecture estim\u00e9e\" \/>\n\t<meta name=\"twitter:data1\" content=\"1 minute\" \/>\n<script type=\"application\/ld+json\" class=\"yoast-schema-graph\">{\"@context\":\"https:\\\/\\\/schema.org\",\"@graph\":[{\"@type\":\"WebPage\",\"@id\":\"https:\\\/\\\/edmpgroup.com\\\/product\\\/modems-g3-plc-module\\\/\",\"url\":\"https:\\\/\\\/edmpgroup.com\\\/product\\\/modems-g3-plc-module\\\/\",\"name\":\"G3-PLC Module\",\"isPartOf\":{\"@id\":\"https:\\\/\\\/edmpgroup.com\\\/#website\"},\"primaryImageOfPage\":{\"@id\":\"https:\\\/\\\/edmpgroup.com\\\/product\\\/modems-g3-plc-module\\\/#primaryimage\"},\"image\":{\"@id\":\"https:\\\/\\\/edmpgroup.com\\\/product\\\/modems-g3-plc-module\\\/#primaryimage\"},\"thumbnailUrl\":\"https:\\\/\\\/edmpgroup.com\\\/wp-content\\\/uploads\\\/2025\\\/11\\\/G3-PLC-Module.jpg\",\"datePublished\":\"2025-11-04T09:00:54+00:00\",\"dateModified\":\"2026-03-24T07:29:22+00:00\",\"breadcrumb\":{\"@id\":\"https:\\\/\\\/edmpgroup.com\\\/product\\\/modems-g3-plc-module\\\/#breadcrumb\"},\"inLanguage\":\"fr-FR\",\"potentialAction\":[{\"@type\":\"ReadAction\",\"target\":[\"https:\\\/\\\/edmpgroup.com\\\/product\\\/modems-g3-plc-module\\\/\"]}]},{\"@type\":\"ImageObject\",\"inLanguage\":\"fr-FR\",\"@id\":\"https:\\\/\\\/edmpgroup.com\\\/product\\\/modems-g3-plc-module\\\/#primaryimage\",\"url\":\"https:\\\/\\\/edmpgroup.com\\\/wp-content\\\/uploads\\\/2025\\\/11\\\/G3-PLC-Module.jpg\",\"contentUrl\":\"https:\\\/\\\/edmpgroup.com\\\/wp-content\\\/uploads\\\/2025\\\/11\\\/G3-PLC-Module.jpg\",\"width\":1458,\"height\":1875},{\"@type\":\"BreadcrumbList\",\"@id\":\"https:\\\/\\\/edmpgroup.com\\\/product\\\/modems-g3-plc-module\\\/#breadcrumb\",\"itemListElement\":[{\"@type\":\"ListItem\",\"position\":1,\"name\":\"Home\",\"item\":\"https:\\\/\\\/edmpgroup.com\\\/\"},{\"@type\":\"ListItem\",\"position\":2,\"name\":\"Shop\",\"item\":\"https:\\\/\\\/edmpgroup.com\\\/shop\\\/\"},{\"@type\":\"ListItem\",\"position\":3,\"name\":\"G3-PLC Module\"}]},{\"@type\":\"WebSite\",\"@id\":\"https:\\\/\\\/edmpgroup.com\\\/#website\",\"url\":\"https:\\\/\\\/edmpgroup.com\\\/\",\"name\":\"Edmpco\",\"description\":\"Engineering, Design, Management & Planning | Product Show\",\"publisher\":{\"@id\":\"https:\\\/\\\/edmpgroup.com\\\/#organization\"},\"potentialAction\":[{\"@type\":\"SearchAction\",\"target\":{\"@type\":\"EntryPoint\",\"urlTemplate\":\"https:\\\/\\\/edmpgroup.com\\\/?s={search_term_string}\"},\"query-input\":{\"@type\":\"PropertyValueSpecification\",\"valueRequired\":true,\"valueName\":\"search_term_string\"}}],\"inLanguage\":\"fr-FR\"},{\"@type\":\"Organization\",\"@id\":\"https:\\\/\\\/edmpgroup.com\\\/#organization\",\"name\":\"Edmpco\",\"url\":\"https:\\\/\\\/edmpgroup.com\\\/\",\"logo\":{\"@type\":\"ImageObject\",\"inLanguage\":\"fr-FR\",\"@id\":\"https:\\\/\\\/edmpgroup.com\\\/#\\\/schema\\\/logo\\\/image\\\/\",\"url\":\"https:\\\/\\\/edmpco.com\\\/wp-content\\\/uploads\\\/2025\\\/10\\\/EDMP.svg\",\"contentUrl\":\"https:\\\/\\\/edmpco.com\\\/wp-content\\\/uploads\\\/2025\\\/10\\\/EDMP.svg\",\"width\":350,\"height\":105,\"caption\":\"Edmpco\"},\"image\":{\"@id\":\"https:\\\/\\\/edmpgroup.com\\\/#\\\/schema\\\/logo\\\/image\\\/\"}}]}<\/script>\n<!-- \/ Yoast SEO plugin. -->","yoast_head_json":{"title":"G3-PLC Module","robots":{"index":"index","follow":"follow","max-snippet":"max-snippet:-1","max-image-preview":"max-image-preview:large","max-video-preview":"max-video-preview:-1"},"canonical":"https:\/\/edmpgroup.com\/fr\/product\/modems-g3-plc-module\/","og_locale":"fr_FR","og_type":"article","og_title":"[:en]G3-PLC Module[:es]M\u00f3dulo G3-PLC[:fr]G3-PLC Module[:] - Edmpco","og_description":"Le module G3PLC red\u00e9finit la communication par courant porteur avec un transfert de donn\u00e9es \u00e0 haut d\u00e9bit et des capacit\u00e9s anti-interf\u00e9rences exceptionnelles, d\u00e9passant les solutions API traditionnelles. G3-PLC am\u00e9liore non seulement la vitesse de communication, mais minimise \u00e9galement les co\u00fbts d'exploitation gr\u00e2ce \u00e0 sa conception n\u00e9cessitant peu d'entretien. Le r\u00e9seau auto-organis\u00e9 dispose d'un adressage automatique et d'une maintenance des itin\u00e9raires, garantissant des processus de relev\u00e9 de compteurs fluides et efficaces.  Fiche d'information","og_url":"https:\/\/edmpgroup.com\/fr\/product\/modems-g3-plc-module\/","og_site_name":"Edmpco","article_modified_time":"2026-03-24T07:29:22+00:00","og_image":[{"width":1458,"height":1875,"url":"https:\/\/edmpgroup.com\/wp-content\/uploads\/2025\/11\/G3-PLC-Module.jpg","type":"image\/jpeg"}],"twitter_card":"summary_large_image","twitter_misc":{"Dur\u00e9e de lecture estim\u00e9e":"1 minute"},"schema":{"@context":"https:\/\/schema.org","@graph":[{"@type":"WebPage","@id":"https:\/\/edmpgroup.com\/product\/modems-g3-plc-module\/","url":"https:\/\/edmpgroup.com\/product\/modems-g3-plc-module\/","name":"G3-PLC Module","isPartOf":{"@id":"https:\/\/edmpgroup.com\/#website"},"primaryImageOfPage":{"@id":"https:\/\/edmpgroup.com\/product\/modems-g3-plc-module\/#primaryimage"},"image":{"@id":"https:\/\/edmpgroup.com\/product\/modems-g3-plc-module\/#primaryimage"},"thumbnailUrl":"https:\/\/edmpgroup.com\/wp-content\/uploads\/2025\/11\/G3-PLC-Module.jpg","datePublished":"2025-11-04T09:00:54+00:00","dateModified":"2026-03-24T07:29:22+00:00","breadcrumb":{"@id":"https:\/\/edmpgroup.com\/product\/modems-g3-plc-module\/#breadcrumb"},"inLanguage":"fr-FR","potentialAction":[{"@type":"ReadAction","target":["https:\/\/edmpgroup.com\/product\/modems-g3-plc-module\/"]}]},{"@type":"ImageObject","inLanguage":"fr-FR","@id":"https:\/\/edmpgroup.com\/product\/modems-g3-plc-module\/#primaryimage","url":"https:\/\/edmpgroup.com\/wp-content\/uploads\/2025\/11\/G3-PLC-Module.jpg","contentUrl":"https:\/\/edmpgroup.com\/wp-content\/uploads\/2025\/11\/G3-PLC-Module.jpg","width":1458,"height":1875},{"@type":"BreadcrumbList","@id":"https:\/\/edmpgroup.com\/product\/modems-g3-plc-module\/#breadcrumb","itemListElement":[{"@type":"ListItem","position":1,"name":"Home","item":"https:\/\/edmpgroup.com\/"},{"@type":"ListItem","position":2,"name":"Shop","item":"https:\/\/edmpgroup.com\/shop\/"},{"@type":"ListItem","position":3,"name":"G3-PLC Module"}]},{"@type":"WebSite","@id":"https:\/\/edmpgroup.com\/#website","url":"https:\/\/edmpgroup.com\/","name":"Edmpco","description":"Engineering, Design, Management & Planning | Product Show","publisher":{"@id":"https:\/\/edmpgroup.com\/#organization"},"potentialAction":[{"@type":"SearchAction","target":{"@type":"EntryPoint","urlTemplate":"https:\/\/edmpgroup.com\/?s={search_term_string}"},"query-input":{"@type":"PropertyValueSpecification","valueRequired":true,"valueName":"search_term_string"}}],"inLanguage":"fr-FR"},{"@type":"Organization","@id":"https:\/\/edmpgroup.com\/#organization","name":"Edmpco","url":"https:\/\/edmpgroup.com\/","logo":{"@type":"ImageObject","inLanguage":"fr-FR","@id":"https:\/\/edmpgroup.com\/#\/schema\/logo\/image\/","url":"https:\/\/edmpco.com\/wp-content\/uploads\/2025\/10\/EDMP.svg","contentUrl":"https:\/\/edmpco.com\/wp-content\/uploads\/2025\/10\/EDMP.svg","width":350,"height":105,"caption":"Edmpco"},"image":{"@id":"https:\/\/edmpgroup.com\/#\/schema\/logo\/image\/"}}]}},"_links":{"self":[{"href":"https:\/\/edmpgroup.com\/fr\/wp-json\/wp\/v2\/product\/5741","targetHints":{"allow":["GET"]}}],"collection":[{"href":"https:\/\/edmpgroup.com\/fr\/wp-json\/wp\/v2\/product"}],"about":[{"href":"https:\/\/edmpgroup.com\/fr\/wp-json\/wp\/v2\/types\/product"}],"replies":[{"embeddable":true,"href":"https:\/\/edmpgroup.com\/fr\/wp-json\/wp\/v2\/comments?post=5741"}],"wp:featuredmedia":[{"embeddable":true,"href":"https:\/\/edmpgroup.com\/fr\/wp-json\/wp\/v2\/media\/6448"}],"wp:attachment":[{"href":"https:\/\/edmpgroup.com\/fr\/wp-json\/wp\/v2\/media?parent=5741"}],"wp:term":[{"taxonomy":"product_brand","embeddable":true,"href":"https:\/\/edmpgroup.com\/fr\/wp-json\/wp\/v2\/product_brand?post=5741"},{"taxonomy":"product_cat","embeddable":true,"href":"https:\/\/edmpgroup.com\/fr\/wp-json\/wp\/v2\/product_cat?post=5741"},{"taxonomy":"product_tag","embeddable":true,"href":"https:\/\/edmpgroup.com\/fr\/wp-json\/wp\/v2\/product_tag?post=5741"}],"curies":[{"name":"wp","href":"https:\/\/api.w.org\/{rel}","templated":true}]}}