{"id":5671,"date":"2025-11-01T17:00:24","date_gmt":"2025-11-01T17:00:24","guid":{"rendered":"https:\/\/edmpco.com\/?post_type=product&#038;p=5671"},"modified":"2026-03-24T09:57:53","modified_gmt":"2026-03-24T09:57:53","slug":"magno-21-with-keypad","status":"publish","type":"product","link":"https:\/\/edmpgroup.com\/fr\/product\/magno-21-with-keypad\/","title":{"rendered":"MAGNO 21 (AVEC CLAVIER)"},"content":{"rendered":"<p>Le Magno 21 est un compteur d&rsquo;\u00e9nergie con\u00e7u pour combiner efficacit\u00e9, s\u00e9curit\u00e9 et facilit\u00e9 d&rsquo;utilisation pour les applications r\u00e9sidentielles. Prenant en charge le protocole DLMS\/COSEM et dot\u00e9 d&rsquo;une clavier, il prend en charge la fonctionnalit\u00e9 de pr\u00e9paiement STS, permettant consommateurs pour saisir facilement des jetons de cr\u00e9dit et g\u00e9rer leur consommation d&rsquo;\u00e9nergie en toute transparence et en tout contr\u00f4le. Con\u00e7u dans un souci de s\u00e9curit\u00e9 et de r\u00e9silience, le Magno 21 assure une protection des donn\u00e9es de haut niveau, une protection inviolable Bo\u00eetier soud\u00e9 par ultrasons et batterie int\u00e9gr\u00e9e en option ou supercondensateur de secours pour un fonctionnement ininterrompu. Avec sa capacit\u00e9 de pr\u00e9paiement STS bas\u00e9e sur le clavier, le Magno 21 Offre aux services publics une solution fiable pour l&rsquo;assurance des revenus tout en fournissant aux utilisateurs finaux une \u00e9nergie simple et directe gestion.<\/p>\n","protected":false},"excerpt":{"rendered":"<p>Le Magno 21 est un compteur d&rsquo;\u00e9nergie con\u00e7u pour combiner efficacit\u00e9, s\u00e9curit\u00e9 et facilit\u00e9 d&rsquo;utilisation pour les applications r\u00e9sidentielles. Prenant en charge le protocole DLMS\/COSEM et dot\u00e9 d&rsquo;une clavier, il prend en charge la fonctionnalit\u00e9 de pr\u00e9paiement STS, permettant consommateurs pour saisir facilement des jetons de cr\u00e9dit et g\u00e9rer leur consommation d&rsquo;\u00e9nergie en toute transparence et en tout contr\u00f4le. Con\u00e7u dans un souci de s\u00e9curit\u00e9 et de r\u00e9silience, le Magno 21 assure une protection des donn\u00e9es de haut niveau, une protection inviolable Bo\u00eetier soud\u00e9 par ultrasons et batterie int\u00e9gr\u00e9e en option ou supercondensateur de secours pour un fonctionnement ininterrompu. Avec sa capacit\u00e9 de pr\u00e9paiement STS bas\u00e9e sur le clavier, le Magno 21 Offre aux services publics une solution fiable pour l&rsquo;assurance des revenus tout en fournissant aux utilisateurs finaux une \u00e9nergie simple et directe gestion.<\/p>\n<p><a class=\"psacp-rdmr-btn\" href=\"https:\/\/edmpgroup.com\/wp-content\/uploads\/2025\/11\/MAGNO-21-WITHKEY.pdf\" target=\"_blank\" rel=\"noopener\">Fiche d&rsquo;information<\/a><\/p>\n","protected":false},"featured_media":7285,"comment_status":"open","ping_status":"closed","template":"","meta":[],"product_brand":[],"product_cat":[15],"product_tag":[],"class_list":{"0":"post-5671","1":"product","2":"type-product","3":"status-publish","4":"has-post-thumbnail","6":"product_cat-electricity-meters","8":"first","9":"instock","10":"featured","11":"shipping-taxable","12":"product-type-simple"},"yoast_head":"<!-- This site is optimized with the Yoast SEO plugin v27.4 - https:\/\/yoast.com\/product\/yoast-seo-wordpress\/ -->\n<title>MAGNO 21 (AVEC CLAVIER)<\/title>\n<meta name=\"robots\" content=\"index, follow, max-snippet:-1, max-image-preview:large, max-video-preview:-1\" \/>\n<link rel=\"canonical\" href=\"https:\/\/edmpgroup.com\/fr\/product\/magno-21-with-keypad\/\" \/>\n<meta property=\"og:locale\" content=\"fr_FR\" \/>\n<meta property=\"og:locale:alternate\" content=\"en_US\" \/>\n<meta property=\"og:locale:alternate\" content=\"es_ES\" \/>\n<meta property=\"og:type\" content=\"article\" \/>\n<meta property=\"og:title\" content=\"MAGNO 21 (AVEC CLAVIER)\" \/>\n<meta property=\"og:description\" content=\"Le Magno 21 est un compteur d&#039;\u00e9nergie con\u00e7u pour combiner efficacit\u00e9, s\u00e9curit\u00e9 et facilit\u00e9 d&#039;utilisation pour les applications r\u00e9sidentielles. Prenant en charge le protocole DLMS\/COSEM et dot\u00e9 d&#039;une clavier, il prend en charge la fonctionnalit\u00e9 de pr\u00e9paiement STS, permettant consommateurs pour saisir facilement des jetons de cr\u00e9dit et g\u00e9rer leur consommation d&#039;\u00e9nergie en toute transparence et en tout contr\u00f4le. Con\u00e7u dans un souci de s\u00e9curit\u00e9 et de r\u00e9silience, le Magno 21 assure une protection des donn\u00e9es de haut niveau, une protection inviolable Bo\u00eetier soud\u00e9 par ultrasons et batterie int\u00e9gr\u00e9e en option ou supercondensateur de secours pour un fonctionnement ininterrompu. Avec sa capacit\u00e9 de pr\u00e9paiement STS bas\u00e9e sur le clavier, le Magno 21 Offre aux services publics une solution fiable pour l&#039;assurance des revenus tout en fournissant aux utilisateurs finaux une \u00e9nergie simple et directe gestion.  Fiche d&#039;information\" \/>\n<meta property=\"og:url\" content=\"https:\/\/edmpgroup.com\/fr\/product\/magno-21-with-keypad\/\" \/>\n<meta property=\"og:site_name\" content=\"Edmpco\" \/>\n<meta property=\"article:modified_time\" content=\"2026-03-24T09:57:53+00:00\" \/>\n<meta property=\"og:image\" content=\"https:\/\/edmpgroup.com\/wp-content\/uploads\/2025\/11\/Magno-21-3.jpg\" \/>\n\t<meta property=\"og:image:width\" content=\"1458\" \/>\n\t<meta property=\"og:image:height\" content=\"1875\" \/>\n\t<meta property=\"og:image:type\" content=\"image\/jpeg\" \/>\n<meta name=\"twitter:card\" content=\"summary_large_image\" \/>\n<meta name=\"twitter:label1\" content=\"Dur\u00e9e de lecture estim\u00e9e\" \/>\n\t<meta name=\"twitter:data1\" content=\"1 minute\" \/>\n<script type=\"application\/ld+json\" class=\"yoast-schema-graph\">{\"@context\":\"https:\\\/\\\/schema.org\",\"@graph\":[{\"@type\":\"WebPage\",\"@id\":\"https:\\\/\\\/edmpgroup.com\\\/product\\\/magno-21-with-keypad\\\/\",\"url\":\"https:\\\/\\\/edmpgroup.com\\\/product\\\/magno-21-with-keypad\\\/\",\"name\":\"MAGNO 21 (AVEC CLAVIER)\",\"isPartOf\":{\"@id\":\"https:\\\/\\\/edmpgroup.com\\\/#website\"},\"primaryImageOfPage\":{\"@id\":\"https:\\\/\\\/edmpgroup.com\\\/product\\\/magno-21-with-keypad\\\/#primaryimage\"},\"image\":{\"@id\":\"https:\\\/\\\/edmpgroup.com\\\/product\\\/magno-21-with-keypad\\\/#primaryimage\"},\"thumbnailUrl\":\"https:\\\/\\\/edmpgroup.com\\\/wp-content\\\/uploads\\\/2025\\\/11\\\/Magno-21-3.jpg\",\"datePublished\":\"2025-11-01T17:00:24+00:00\",\"dateModified\":\"2026-03-24T09:57:53+00:00\",\"breadcrumb\":{\"@id\":\"https:\\\/\\\/edmpgroup.com\\\/product\\\/magno-21-with-keypad\\\/#breadcrumb\"},\"inLanguage\":\"fr-FR\",\"potentialAction\":[{\"@type\":\"ReadAction\",\"target\":[\"https:\\\/\\\/edmpgroup.com\\\/product\\\/magno-21-with-keypad\\\/\"]}]},{\"@type\":\"ImageObject\",\"inLanguage\":\"fr-FR\",\"@id\":\"https:\\\/\\\/edmpgroup.com\\\/product\\\/magno-21-with-keypad\\\/#primaryimage\",\"url\":\"https:\\\/\\\/edmpgroup.com\\\/wp-content\\\/uploads\\\/2025\\\/11\\\/Magno-21-3.jpg\",\"contentUrl\":\"https:\\\/\\\/edmpgroup.com\\\/wp-content\\\/uploads\\\/2025\\\/11\\\/Magno-21-3.jpg\",\"width\":1458,\"height\":1875},{\"@type\":\"BreadcrumbList\",\"@id\":\"https:\\\/\\\/edmpgroup.com\\\/product\\\/magno-21-with-keypad\\\/#breadcrumb\",\"itemListElement\":[{\"@type\":\"ListItem\",\"position\":1,\"name\":\"Home\",\"item\":\"https:\\\/\\\/edmpgroup.com\\\/\"},{\"@type\":\"ListItem\",\"position\":2,\"name\":\"Shop\",\"item\":\"https:\\\/\\\/edmpgroup.com\\\/shop\\\/\"},{\"@type\":\"ListItem\",\"position\":3,\"name\":\"Magno 21 (With Keypad)\"}]},{\"@type\":\"WebSite\",\"@id\":\"https:\\\/\\\/edmpgroup.com\\\/#website\",\"url\":\"https:\\\/\\\/edmpgroup.com\\\/\",\"name\":\"Edmpco\",\"description\":\"Engineering, Design, Management & Planning | Product Show\",\"publisher\":{\"@id\":\"https:\\\/\\\/edmpgroup.com\\\/#organization\"},\"potentialAction\":[{\"@type\":\"SearchAction\",\"target\":{\"@type\":\"EntryPoint\",\"urlTemplate\":\"https:\\\/\\\/edmpgroup.com\\\/?s={search_term_string}\"},\"query-input\":{\"@type\":\"PropertyValueSpecification\",\"valueRequired\":true,\"valueName\":\"search_term_string\"}}],\"inLanguage\":\"fr-FR\"},{\"@type\":\"Organization\",\"@id\":\"https:\\\/\\\/edmpgroup.com\\\/#organization\",\"name\":\"Edmpco\",\"url\":\"https:\\\/\\\/edmpgroup.com\\\/\",\"logo\":{\"@type\":\"ImageObject\",\"inLanguage\":\"fr-FR\",\"@id\":\"https:\\\/\\\/edmpgroup.com\\\/#\\\/schema\\\/logo\\\/image\\\/\",\"url\":\"https:\\\/\\\/edmpco.com\\\/wp-content\\\/uploads\\\/2025\\\/10\\\/EDMP.svg\",\"contentUrl\":\"https:\\\/\\\/edmpco.com\\\/wp-content\\\/uploads\\\/2025\\\/10\\\/EDMP.svg\",\"width\":350,\"height\":105,\"caption\":\"Edmpco\"},\"image\":{\"@id\":\"https:\\\/\\\/edmpgroup.com\\\/#\\\/schema\\\/logo\\\/image\\\/\"}}]}<\/script>\n<!-- \/ Yoast SEO plugin. -->","yoast_head_json":{"title":"MAGNO 21 (AVEC CLAVIER)","robots":{"index":"index","follow":"follow","max-snippet":"max-snippet:-1","max-image-preview":"max-image-preview:large","max-video-preview":"max-video-preview:-1"},"canonical":"https:\/\/edmpgroup.com\/fr\/product\/magno-21-with-keypad\/","og_locale":"fr_FR","og_type":"article","og_title":"[:en]Magno 21 (With Keypad)[:es]MAGNO 21 (CON TECLADO)[:fr]MAGNO 21 (AVEC CLAVIER)[:] - Edmpco","og_description":"Le Magno 21 est un compteur d'\u00e9nergie con\u00e7u pour combiner efficacit\u00e9, s\u00e9curit\u00e9 et facilit\u00e9 d'utilisation pour les applications r\u00e9sidentielles. Prenant en charge le protocole DLMS\/COSEM et dot\u00e9 d'une clavier, il prend en charge la fonctionnalit\u00e9 de pr\u00e9paiement STS, permettant consommateurs pour saisir facilement des jetons de cr\u00e9dit et g\u00e9rer leur consommation d'\u00e9nergie en toute transparence et en tout contr\u00f4le. Con\u00e7u dans un souci de s\u00e9curit\u00e9 et de r\u00e9silience, le Magno 21 assure une protection des donn\u00e9es de haut niveau, une protection inviolable Bo\u00eetier soud\u00e9 par ultrasons et batterie int\u00e9gr\u00e9e en option ou supercondensateur de secours pour un fonctionnement ininterrompu. Avec sa capacit\u00e9 de pr\u00e9paiement STS bas\u00e9e sur le clavier, le Magno 21 Offre aux services publics une solution fiable pour l'assurance des revenus tout en fournissant aux utilisateurs finaux une \u00e9nergie simple et directe gestion.  Fiche d'information","og_url":"https:\/\/edmpgroup.com\/fr\/product\/magno-21-with-keypad\/","og_site_name":"Edmpco","article_modified_time":"2026-03-24T09:57:53+00:00","og_image":[{"width":1458,"height":1875,"url":"https:\/\/edmpgroup.com\/wp-content\/uploads\/2025\/11\/Magno-21-3.jpg","type":"image\/jpeg"}],"twitter_card":"summary_large_image","twitter_misc":{"Dur\u00e9e de lecture estim\u00e9e":"1 minute"},"schema":{"@context":"https:\/\/schema.org","@graph":[{"@type":"WebPage","@id":"https:\/\/edmpgroup.com\/product\/magno-21-with-keypad\/","url":"https:\/\/edmpgroup.com\/product\/magno-21-with-keypad\/","name":"MAGNO 21 (AVEC CLAVIER)","isPartOf":{"@id":"https:\/\/edmpgroup.com\/#website"},"primaryImageOfPage":{"@id":"https:\/\/edmpgroup.com\/product\/magno-21-with-keypad\/#primaryimage"},"image":{"@id":"https:\/\/edmpgroup.com\/product\/magno-21-with-keypad\/#primaryimage"},"thumbnailUrl":"https:\/\/edmpgroup.com\/wp-content\/uploads\/2025\/11\/Magno-21-3.jpg","datePublished":"2025-11-01T17:00:24+00:00","dateModified":"2026-03-24T09:57:53+00:00","breadcrumb":{"@id":"https:\/\/edmpgroup.com\/product\/magno-21-with-keypad\/#breadcrumb"},"inLanguage":"fr-FR","potentialAction":[{"@type":"ReadAction","target":["https:\/\/edmpgroup.com\/product\/magno-21-with-keypad\/"]}]},{"@type":"ImageObject","inLanguage":"fr-FR","@id":"https:\/\/edmpgroup.com\/product\/magno-21-with-keypad\/#primaryimage","url":"https:\/\/edmpgroup.com\/wp-content\/uploads\/2025\/11\/Magno-21-3.jpg","contentUrl":"https:\/\/edmpgroup.com\/wp-content\/uploads\/2025\/11\/Magno-21-3.jpg","width":1458,"height":1875},{"@type":"BreadcrumbList","@id":"https:\/\/edmpgroup.com\/product\/magno-21-with-keypad\/#breadcrumb","itemListElement":[{"@type":"ListItem","position":1,"name":"Home","item":"https:\/\/edmpgroup.com\/"},{"@type":"ListItem","position":2,"name":"Shop","item":"https:\/\/edmpgroup.com\/shop\/"},{"@type":"ListItem","position":3,"name":"Magno 21 (With Keypad)"}]},{"@type":"WebSite","@id":"https:\/\/edmpgroup.com\/#website","url":"https:\/\/edmpgroup.com\/","name":"Edmpco","description":"Engineering, Design, Management & Planning | Product Show","publisher":{"@id":"https:\/\/edmpgroup.com\/#organization"},"potentialAction":[{"@type":"SearchAction","target":{"@type":"EntryPoint","urlTemplate":"https:\/\/edmpgroup.com\/?s={search_term_string}"},"query-input":{"@type":"PropertyValueSpecification","valueRequired":true,"valueName":"search_term_string"}}],"inLanguage":"fr-FR"},{"@type":"Organization","@id":"https:\/\/edmpgroup.com\/#organization","name":"Edmpco","url":"https:\/\/edmpgroup.com\/","logo":{"@type":"ImageObject","inLanguage":"fr-FR","@id":"https:\/\/edmpgroup.com\/#\/schema\/logo\/image\/","url":"https:\/\/edmpco.com\/wp-content\/uploads\/2025\/10\/EDMP.svg","contentUrl":"https:\/\/edmpco.com\/wp-content\/uploads\/2025\/10\/EDMP.svg","width":350,"height":105,"caption":"Edmpco"},"image":{"@id":"https:\/\/edmpgroup.com\/#\/schema\/logo\/image\/"}}]}},"_links":{"self":[{"href":"https:\/\/edmpgroup.com\/fr\/wp-json\/wp\/v2\/product\/5671","targetHints":{"allow":["GET"]}}],"collection":[{"href":"https:\/\/edmpgroup.com\/fr\/wp-json\/wp\/v2\/product"}],"about":[{"href":"https:\/\/edmpgroup.com\/fr\/wp-json\/wp\/v2\/types\/product"}],"replies":[{"embeddable":true,"href":"https:\/\/edmpgroup.com\/fr\/wp-json\/wp\/v2\/comments?post=5671"}],"wp:featuredmedia":[{"embeddable":true,"href":"https:\/\/edmpgroup.com\/fr\/wp-json\/wp\/v2\/media\/7285"}],"wp:attachment":[{"href":"https:\/\/edmpgroup.com\/fr\/wp-json\/wp\/v2\/media?parent=5671"}],"wp:term":[{"taxonomy":"product_brand","embeddable":true,"href":"https:\/\/edmpgroup.com\/fr\/wp-json\/wp\/v2\/product_brand?post=5671"},{"taxonomy":"product_cat","embeddable":true,"href":"https:\/\/edmpgroup.com\/fr\/wp-json\/wp\/v2\/product_cat?post=5671"},{"taxonomy":"product_tag","embeddable":true,"href":"https:\/\/edmpgroup.com\/fr\/wp-json\/wp\/v2\/product_tag?post=5671"}],"curies":[{"name":"wp","href":"https:\/\/api.w.org\/{rel}","templated":true}]}}