{"id":5496,"date":"2025-11-02T17:00:30","date_gmt":"2025-11-02T17:00:30","guid":{"rendered":"https:\/\/edmpco.com\/?post_type=product&#038;p=5496"},"modified":"2026-03-18T09:41:53","modified_gmt":"2026-03-18T09:41:53","slug":"meterlink","status":"publish","type":"product","link":"https:\/\/edmpgroup.com\/fr\/product\/meterlink\/","title":{"rendered":"MeterLink"},"content":{"rendered":"<p>Le MeterLink est une unit\u00e9 d&rsquo;interface client (CIU) portable Con\u00e7u pour que les utilisateurs finaux interagissent avec les compteurs d&rsquo;\u00e9nergie \u00e0 l&rsquo;aide du protocole DLMS\/COSEM et op\u00e9rer dans le respect des normes STS\/CTS. Il permet Suivi de la consommation d&rsquo;\u00e9nergie et aides les activit\u00e9s de pr\u00e9paiement. Avec un de conception durable, il offre mobilit\u00e9 et r\u00e9silience dans divers environnements, l&rsquo;affichage des param\u00e8tres \u00e9nerg\u00e9tiques DLMS et \u00c9tats d&rsquo;alarme via l&rsquo;entr\u00e9e du clavier.<\/p>\n","protected":false},"excerpt":{"rendered":"<p>Le MeterLink est une unit\u00e9 d&rsquo;interface client (CIU) portable Con\u00e7u pour que les utilisateurs finaux interagissent avec les compteurs d&rsquo;\u00e9nergie \u00e0 l&rsquo;aide du protocole DLMS\/COSEM et op\u00e9rer dans le respect des normes STS\/CTS. Il permet Suivi de la consommation d&rsquo;\u00e9nergie et aides les activit\u00e9s de pr\u00e9paiement. Avec un de conception durable, il offre mobilit\u00e9 et r\u00e9silience dans divers environnements, l&rsquo;affichage des param\u00e8tres \u00e9nerg\u00e9tiques DLMS et \u00c9tats d&rsquo;alarme via l&rsquo;entr\u00e9e du clavier.<\/p>\n<p><a class=\"psacp-rdmr-btn\" href=\"https:\/\/edmpgroup.com\/wp-content\/uploads\/2025\/11\/MeterLink-Datasheet.pdf\" target=\"_blank\" rel=\"noopener\">Fiche d&rsquo;information<\/a><\/p>\n","protected":false},"featured_media":6408,"comment_status":"open","ping_status":"closed","template":"","meta":[],"product_brand":[],"product_cat":[54],"product_tag":[],"class_list":{"0":"post-5496","1":"product","2":"type-product","3":"status-publish","4":"has-post-thumbnail","6":"product_cat-accessories","8":"first","9":"instock","10":"shipping-taxable","11":"product-type-simple"},"yoast_head":"<!-- This site is optimized with the Yoast SEO plugin v27.4 - https:\/\/yoast.com\/product\/yoast-seo-wordpress\/ -->\n<title>MeterLink<\/title>\n<meta name=\"robots\" content=\"index, follow, max-snippet:-1, max-image-preview:large, max-video-preview:-1\" \/>\n<link rel=\"canonical\" href=\"https:\/\/edmpgroup.com\/fr\/product\/meterlink\/\" \/>\n<meta property=\"og:locale\" content=\"fr_FR\" \/>\n<meta property=\"og:locale:alternate\" content=\"en_US\" \/>\n<meta property=\"og:locale:alternate\" content=\"es_ES\" \/>\n<meta property=\"og:type\" content=\"article\" \/>\n<meta property=\"og:title\" content=\"MeterLink\" \/>\n<meta property=\"og:description\" content=\"Le MeterLink est une unit\u00e9 d&#039;interface client (CIU) portable Con\u00e7u pour que les utilisateurs finaux interagissent avec les compteurs d&#039;\u00e9nergie \u00e0 l&#039;aide du protocole DLMS\/COSEM et op\u00e9rer dans le respect des normes STS\/CTS. Il permet Suivi de la consommation d&#039;\u00e9nergie et aides les activit\u00e9s de pr\u00e9paiement. Avec un de conception durable, il offre mobilit\u00e9 et r\u00e9silience dans divers environnements, l&#039;affichage des param\u00e8tres \u00e9nerg\u00e9tiques DLMS et \u00c9tats d&#039;alarme via l&#039;entr\u00e9e du clavier.  Fiche d&#039;information\" \/>\n<meta property=\"og:url\" content=\"https:\/\/edmpgroup.com\/fr\/product\/meterlink\/\" \/>\n<meta property=\"og:site_name\" content=\"Edmpco\" \/>\n<meta property=\"article:modified_time\" content=\"2026-03-18T09:41:53+00:00\" \/>\n<meta property=\"og:image\" content=\"https:\/\/edmpgroup.com\/wp-content\/uploads\/2025\/11\/MeterLink.jpg\" \/>\n\t<meta property=\"og:image:width\" content=\"1458\" \/>\n\t<meta property=\"og:image:height\" content=\"1875\" \/>\n\t<meta property=\"og:image:type\" content=\"image\/jpeg\" \/>\n<meta name=\"twitter:card\" content=\"summary_large_image\" \/>\n<meta name=\"twitter:label1\" content=\"Dur\u00e9e de lecture estim\u00e9e\" \/>\n\t<meta name=\"twitter:data1\" content=\"1 minute\" \/>\n<script type=\"application\/ld+json\" class=\"yoast-schema-graph\">{\"@context\":\"https:\\\/\\\/schema.org\",\"@graph\":[{\"@type\":\"WebPage\",\"@id\":\"https:\\\/\\\/edmpgroup.com\\\/product\\\/meterlink\\\/\",\"url\":\"https:\\\/\\\/edmpgroup.com\\\/product\\\/meterlink\\\/\",\"name\":\"MeterLink\",\"isPartOf\":{\"@id\":\"https:\\\/\\\/edmpgroup.com\\\/#website\"},\"primaryImageOfPage\":{\"@id\":\"https:\\\/\\\/edmpgroup.com\\\/product\\\/meterlink\\\/#primaryimage\"},\"image\":{\"@id\":\"https:\\\/\\\/edmpgroup.com\\\/product\\\/meterlink\\\/#primaryimage\"},\"thumbnailUrl\":\"https:\\\/\\\/edmpgroup.com\\\/wp-content\\\/uploads\\\/2025\\\/11\\\/MeterLink.jpg\",\"datePublished\":\"2025-11-02T17:00:30+00:00\",\"dateModified\":\"2026-03-18T09:41:53+00:00\",\"breadcrumb\":{\"@id\":\"https:\\\/\\\/edmpgroup.com\\\/product\\\/meterlink\\\/#breadcrumb\"},\"inLanguage\":\"fr-FR\",\"potentialAction\":[{\"@type\":\"ReadAction\",\"target\":[\"https:\\\/\\\/edmpgroup.com\\\/product\\\/meterlink\\\/\"]}]},{\"@type\":\"ImageObject\",\"inLanguage\":\"fr-FR\",\"@id\":\"https:\\\/\\\/edmpgroup.com\\\/product\\\/meterlink\\\/#primaryimage\",\"url\":\"https:\\\/\\\/edmpgroup.com\\\/wp-content\\\/uploads\\\/2025\\\/11\\\/MeterLink.jpg\",\"contentUrl\":\"https:\\\/\\\/edmpgroup.com\\\/wp-content\\\/uploads\\\/2025\\\/11\\\/MeterLink.jpg\",\"width\":1458,\"height\":1875},{\"@type\":\"BreadcrumbList\",\"@id\":\"https:\\\/\\\/edmpgroup.com\\\/product\\\/meterlink\\\/#breadcrumb\",\"itemListElement\":[{\"@type\":\"ListItem\",\"position\":1,\"name\":\"Home\",\"item\":\"https:\\\/\\\/edmpgroup.com\\\/\"},{\"@type\":\"ListItem\",\"position\":2,\"name\":\"Shop\",\"item\":\"https:\\\/\\\/edmpgroup.com\\\/shop\\\/\"},{\"@type\":\"ListItem\",\"position\":3,\"name\":\"MeterLink\"}]},{\"@type\":\"WebSite\",\"@id\":\"https:\\\/\\\/edmpgroup.com\\\/#website\",\"url\":\"https:\\\/\\\/edmpgroup.com\\\/\",\"name\":\"Edmpco\",\"description\":\"Engineering, Design, Management & Planning | Product Show\",\"publisher\":{\"@id\":\"https:\\\/\\\/edmpgroup.com\\\/#organization\"},\"potentialAction\":[{\"@type\":\"SearchAction\",\"target\":{\"@type\":\"EntryPoint\",\"urlTemplate\":\"https:\\\/\\\/edmpgroup.com\\\/?s={search_term_string}\"},\"query-input\":{\"@type\":\"PropertyValueSpecification\",\"valueRequired\":true,\"valueName\":\"search_term_string\"}}],\"inLanguage\":\"fr-FR\"},{\"@type\":\"Organization\",\"@id\":\"https:\\\/\\\/edmpgroup.com\\\/#organization\",\"name\":\"Edmpco\",\"url\":\"https:\\\/\\\/edmpgroup.com\\\/\",\"logo\":{\"@type\":\"ImageObject\",\"inLanguage\":\"fr-FR\",\"@id\":\"https:\\\/\\\/edmpgroup.com\\\/#\\\/schema\\\/logo\\\/image\\\/\",\"url\":\"https:\\\/\\\/edmpco.com\\\/wp-content\\\/uploads\\\/2025\\\/10\\\/EDMP.svg\",\"contentUrl\":\"https:\\\/\\\/edmpco.com\\\/wp-content\\\/uploads\\\/2025\\\/10\\\/EDMP.svg\",\"width\":350,\"height\":105,\"caption\":\"Edmpco\"},\"image\":{\"@id\":\"https:\\\/\\\/edmpgroup.com\\\/#\\\/schema\\\/logo\\\/image\\\/\"}}]}<\/script>\n<!-- \/ Yoast SEO plugin. -->","yoast_head_json":{"title":"MeterLink","robots":{"index":"index","follow":"follow","max-snippet":"max-snippet:-1","max-image-preview":"max-image-preview:large","max-video-preview":"max-video-preview:-1"},"canonical":"https:\/\/edmpgroup.com\/fr\/product\/meterlink\/","og_locale":"fr_FR","og_type":"article","og_title":"[:en]MeterLink[:es]MeterLink[:fr]MeterLink[:] - Edmpco","og_description":"Le MeterLink est une unit\u00e9 d'interface client (CIU) portable Con\u00e7u pour que les utilisateurs finaux interagissent avec les compteurs d'\u00e9nergie \u00e0 l'aide du protocole DLMS\/COSEM et op\u00e9rer dans le respect des normes STS\/CTS. Il permet Suivi de la consommation d'\u00e9nergie et aides les activit\u00e9s de pr\u00e9paiement. Avec un de conception durable, il offre mobilit\u00e9 et r\u00e9silience dans divers environnements, l'affichage des param\u00e8tres \u00e9nerg\u00e9tiques DLMS et \u00c9tats d'alarme via l'entr\u00e9e du clavier.  Fiche d'information","og_url":"https:\/\/edmpgroup.com\/fr\/product\/meterlink\/","og_site_name":"Edmpco","article_modified_time":"2026-03-18T09:41:53+00:00","og_image":[{"width":1458,"height":1875,"url":"https:\/\/edmpgroup.com\/wp-content\/uploads\/2025\/11\/MeterLink.jpg","type":"image\/jpeg"}],"twitter_card":"summary_large_image","twitter_misc":{"Dur\u00e9e de lecture estim\u00e9e":"1 minute"},"schema":{"@context":"https:\/\/schema.org","@graph":[{"@type":"WebPage","@id":"https:\/\/edmpgroup.com\/product\/meterlink\/","url":"https:\/\/edmpgroup.com\/product\/meterlink\/","name":"MeterLink","isPartOf":{"@id":"https:\/\/edmpgroup.com\/#website"},"primaryImageOfPage":{"@id":"https:\/\/edmpgroup.com\/product\/meterlink\/#primaryimage"},"image":{"@id":"https:\/\/edmpgroup.com\/product\/meterlink\/#primaryimage"},"thumbnailUrl":"https:\/\/edmpgroup.com\/wp-content\/uploads\/2025\/11\/MeterLink.jpg","datePublished":"2025-11-02T17:00:30+00:00","dateModified":"2026-03-18T09:41:53+00:00","breadcrumb":{"@id":"https:\/\/edmpgroup.com\/product\/meterlink\/#breadcrumb"},"inLanguage":"fr-FR","potentialAction":[{"@type":"ReadAction","target":["https:\/\/edmpgroup.com\/product\/meterlink\/"]}]},{"@type":"ImageObject","inLanguage":"fr-FR","@id":"https:\/\/edmpgroup.com\/product\/meterlink\/#primaryimage","url":"https:\/\/edmpgroup.com\/wp-content\/uploads\/2025\/11\/MeterLink.jpg","contentUrl":"https:\/\/edmpgroup.com\/wp-content\/uploads\/2025\/11\/MeterLink.jpg","width":1458,"height":1875},{"@type":"BreadcrumbList","@id":"https:\/\/edmpgroup.com\/product\/meterlink\/#breadcrumb","itemListElement":[{"@type":"ListItem","position":1,"name":"Home","item":"https:\/\/edmpgroup.com\/"},{"@type":"ListItem","position":2,"name":"Shop","item":"https:\/\/edmpgroup.com\/shop\/"},{"@type":"ListItem","position":3,"name":"MeterLink"}]},{"@type":"WebSite","@id":"https:\/\/edmpgroup.com\/#website","url":"https:\/\/edmpgroup.com\/","name":"Edmpco","description":"Engineering, Design, Management & Planning | Product Show","publisher":{"@id":"https:\/\/edmpgroup.com\/#organization"},"potentialAction":[{"@type":"SearchAction","target":{"@type":"EntryPoint","urlTemplate":"https:\/\/edmpgroup.com\/?s={search_term_string}"},"query-input":{"@type":"PropertyValueSpecification","valueRequired":true,"valueName":"search_term_string"}}],"inLanguage":"fr-FR"},{"@type":"Organization","@id":"https:\/\/edmpgroup.com\/#organization","name":"Edmpco","url":"https:\/\/edmpgroup.com\/","logo":{"@type":"ImageObject","inLanguage":"fr-FR","@id":"https:\/\/edmpgroup.com\/#\/schema\/logo\/image\/","url":"https:\/\/edmpco.com\/wp-content\/uploads\/2025\/10\/EDMP.svg","contentUrl":"https:\/\/edmpco.com\/wp-content\/uploads\/2025\/10\/EDMP.svg","width":350,"height":105,"caption":"Edmpco"},"image":{"@id":"https:\/\/edmpgroup.com\/#\/schema\/logo\/image\/"}}]}},"_links":{"self":[{"href":"https:\/\/edmpgroup.com\/fr\/wp-json\/wp\/v2\/product\/5496","targetHints":{"allow":["GET"]}}],"collection":[{"href":"https:\/\/edmpgroup.com\/fr\/wp-json\/wp\/v2\/product"}],"about":[{"href":"https:\/\/edmpgroup.com\/fr\/wp-json\/wp\/v2\/types\/product"}],"replies":[{"embeddable":true,"href":"https:\/\/edmpgroup.com\/fr\/wp-json\/wp\/v2\/comments?post=5496"}],"wp:featuredmedia":[{"embeddable":true,"href":"https:\/\/edmpgroup.com\/fr\/wp-json\/wp\/v2\/media\/6408"}],"wp:attachment":[{"href":"https:\/\/edmpgroup.com\/fr\/wp-json\/wp\/v2\/media?parent=5496"}],"wp:term":[{"taxonomy":"product_brand","embeddable":true,"href":"https:\/\/edmpgroup.com\/fr\/wp-json\/wp\/v2\/product_brand?post=5496"},{"taxonomy":"product_cat","embeddable":true,"href":"https:\/\/edmpgroup.com\/fr\/wp-json\/wp\/v2\/product_cat?post=5496"},{"taxonomy":"product_tag","embeddable":true,"href":"https:\/\/edmpgroup.com\/fr\/wp-json\/wp\/v2\/product_tag?post=5496"}],"curies":[{"name":"wp","href":"https:\/\/api.w.org\/{rel}","templated":true}]}}