{"id":5466,"date":"2025-11-01T17:00:42","date_gmt":"2025-11-01T17:00:42","guid":{"rendered":"https:\/\/edmpco.com\/?post_type=product&#038;p=5466"},"modified":"2026-03-18T05:14:21","modified_gmt":"2026-03-18T05:14:21","slug":"magno-22","status":"publish","type":"product","link":"https:\/\/edmpgroup.com\/fr\/product\/magno-22\/","title":{"rendered":"Magno 22"},"content":{"rendered":"<p>Le Magno 22 est un compteur d&rsquo;\u00e9lectricit\u00e9 intelligent monophas\u00e9 de pointe, con\u00e7u pour prendre en charge les syst\u00e8mes post pay\u00e9s et pr\u00e9pay\u00e9s. Il offre un ensemble complet de fonctionnalit\u00e9s, notamment la surveillance du r\u00e9seau \u00e9lectrique, le contr\u00f4le de la charge, la d\u00e9tection d&rsquo;effraction et les fonctions de distribution automatique, ce qui en fait une solution id\u00e9ale pour les applications r\u00e9sidentielles et commerciales. Le Magno 22 am\u00e9liore les op\u00e9rations des services publics en fournissant des informations en temps r\u00e9el sur la consommation d&rsquo;\u00e9nergie, ce qui permet une gestion plus efficace de l&rsquo;\u00e9nergie. Il est \u00e9quip\u00e9 de capacit\u00e9s anti-falsification avanc\u00e9es qui prot\u00e8gent contre la fraude et minimisent les pertes de ligne, ce qui augmente les revenus des services publics et am\u00e9liore l&rsquo;int\u00e9grit\u00e9 globale du r\u00e9seau.<\/p>\n","protected":false},"excerpt":{"rendered":"<p>Le Magno 22 est un compteur d&rsquo;\u00e9lectricit\u00e9 intelligent monophas\u00e9 de pointe, con\u00e7u pour prendre en charge les syst\u00e8mes post pay\u00e9s et pr\u00e9pay\u00e9s. Il offre un ensemble complet de fonctionnalit\u00e9s, notamment la surveillance du r\u00e9seau \u00e9lectrique, le contr\u00f4le de la charge, la d\u00e9tection d&rsquo;effraction et les fonctions de distribution automatique, ce qui en fait une solution id\u00e9ale pour les applications r\u00e9sidentielles et commerciales. Le Magno 22 am\u00e9liore les op\u00e9rations des services publics en fournissant des informations en temps r\u00e9el sur la consommation d&rsquo;\u00e9nergie, ce qui permet une gestion plus efficace de l&rsquo;\u00e9nergie. Il est \u00e9quip\u00e9 de capacit\u00e9s anti-falsification avanc\u00e9es qui prot\u00e8gent contre la fraude et minimisent les pertes de ligne, ce qui augmente les revenus des services publics et am\u00e9liore l&rsquo;int\u00e9grit\u00e9 globale du r\u00e9seau.<\/p>\n<p><a class=\"psacp-rdmr-btn\" href=\"https:\/\/edmpgroup.com\/wp-content\/uploads\/2025\/11\/MAGNO-22-WITHOUT-IDIS.pdf\" target=\"_blank\" rel=\"noopener\">Fiche d&rsquo;information<\/a><\/p>\n","protected":false},"featured_media":7323,"comment_status":"open","ping_status":"closed","template":"","meta":[],"product_brand":[],"product_cat":[15],"product_tag":[],"class_list":{"0":"post-5466","1":"product","2":"type-product","3":"status-publish","4":"has-post-thumbnail","6":"product_cat-electricity-meters","8":"first","9":"instock","10":"featured","11":"shipping-taxable","12":"product-type-simple"},"yoast_head":"<!-- This site is optimized with the Yoast SEO plugin v27.4 - https:\/\/yoast.com\/product\/yoast-seo-wordpress\/ -->\n<title>Magno 22<\/title>\n<meta name=\"robots\" content=\"index, follow, max-snippet:-1, max-image-preview:large, max-video-preview:-1\" \/>\n<link rel=\"canonical\" href=\"https:\/\/edmpgroup.com\/fr\/product\/magno-22\/\" \/>\n<meta property=\"og:locale\" content=\"fr_FR\" \/>\n<meta property=\"og:locale:alternate\" content=\"en_US\" \/>\n<meta property=\"og:locale:alternate\" content=\"es_ES\" \/>\n<meta property=\"og:type\" content=\"article\" \/>\n<meta property=\"og:title\" content=\"Magno 22\" \/>\n<meta property=\"og:description\" content=\"Le Magno 22 est un compteur d&#039;\u00e9lectricit\u00e9 intelligent monophas\u00e9 de pointe, con\u00e7u pour prendre en charge les syst\u00e8mes post pay\u00e9s et pr\u00e9pay\u00e9s. Il offre un ensemble complet de fonctionnalit\u00e9s, notamment la surveillance du r\u00e9seau \u00e9lectrique, le contr\u00f4le de la charge, la d\u00e9tection d&#039;effraction et les fonctions de distribution automatique, ce qui en fait une solution id\u00e9ale pour les applications r\u00e9sidentielles et commerciales. Le Magno 22 am\u00e9liore les op\u00e9rations des services publics en fournissant des informations en temps r\u00e9el sur la consommation d&#039;\u00e9nergie, ce qui permet une gestion plus efficace de l&#039;\u00e9nergie. Il est \u00e9quip\u00e9 de capacit\u00e9s anti-falsification avanc\u00e9es qui prot\u00e8gent contre la fraude et minimisent les pertes de ligne, ce qui augmente les revenus des services publics et am\u00e9liore l&#039;int\u00e9grit\u00e9 globale du r\u00e9seau.  Fiche d&#039;information\" \/>\n<meta property=\"og:url\" content=\"https:\/\/edmpgroup.com\/fr\/product\/magno-22\/\" \/>\n<meta property=\"og:site_name\" content=\"Edmpco\" \/>\n<meta property=\"article:modified_time\" content=\"2026-03-18T05:14:21+00:00\" \/>\n<meta property=\"og:image\" content=\"https:\/\/edmpgroup.com\/wp-content\/uploads\/2025\/11\/Website-Image.jpg\" \/>\n\t<meta property=\"og:image:width\" content=\"500\" \/>\n\t<meta property=\"og:image:height\" content=\"500\" \/>\n\t<meta property=\"og:image:type\" content=\"image\/jpeg\" \/>\n<meta name=\"twitter:card\" content=\"summary_large_image\" \/>\n<meta name=\"twitter:label1\" content=\"Dur\u00e9e de lecture estim\u00e9e\" \/>\n\t<meta name=\"twitter:data1\" content=\"1 minute\" \/>\n<script type=\"application\/ld+json\" class=\"yoast-schema-graph\">{\"@context\":\"https:\\\/\\\/schema.org\",\"@graph\":[{\"@type\":\"WebPage\",\"@id\":\"https:\\\/\\\/edmpgroup.com\\\/product\\\/magno-22\\\/\",\"url\":\"https:\\\/\\\/edmpgroup.com\\\/product\\\/magno-22\\\/\",\"name\":\"Magno 22\",\"isPartOf\":{\"@id\":\"https:\\\/\\\/edmpgroup.com\\\/#website\"},\"primaryImageOfPage\":{\"@id\":\"https:\\\/\\\/edmpgroup.com\\\/product\\\/magno-22\\\/#primaryimage\"},\"image\":{\"@id\":\"https:\\\/\\\/edmpgroup.com\\\/product\\\/magno-22\\\/#primaryimage\"},\"thumbnailUrl\":\"https:\\\/\\\/edmpgroup.com\\\/wp-content\\\/uploads\\\/2025\\\/11\\\/Website-Image.jpg\",\"datePublished\":\"2025-11-01T17:00:42+00:00\",\"dateModified\":\"2026-03-18T05:14:21+00:00\",\"breadcrumb\":{\"@id\":\"https:\\\/\\\/edmpgroup.com\\\/product\\\/magno-22\\\/#breadcrumb\"},\"inLanguage\":\"fr-FR\",\"potentialAction\":[{\"@type\":\"ReadAction\",\"target\":[\"https:\\\/\\\/edmpgroup.com\\\/product\\\/magno-22\\\/\"]}]},{\"@type\":\"ImageObject\",\"inLanguage\":\"fr-FR\",\"@id\":\"https:\\\/\\\/edmpgroup.com\\\/product\\\/magno-22\\\/#primaryimage\",\"url\":\"https:\\\/\\\/edmpgroup.com\\\/wp-content\\\/uploads\\\/2025\\\/11\\\/Website-Image.jpg\",\"contentUrl\":\"https:\\\/\\\/edmpgroup.com\\\/wp-content\\\/uploads\\\/2025\\\/11\\\/Website-Image.jpg\",\"width\":500,\"height\":500},{\"@type\":\"BreadcrumbList\",\"@id\":\"https:\\\/\\\/edmpgroup.com\\\/product\\\/magno-22\\\/#breadcrumb\",\"itemListElement\":[{\"@type\":\"ListItem\",\"position\":1,\"name\":\"Home\",\"item\":\"https:\\\/\\\/edmpgroup.com\\\/\"},{\"@type\":\"ListItem\",\"position\":2,\"name\":\"Shop\",\"item\":\"https:\\\/\\\/edmpgroup.com\\\/shop\\\/\"},{\"@type\":\"ListItem\",\"position\":3,\"name\":\"Magno 22\"}]},{\"@type\":\"WebSite\",\"@id\":\"https:\\\/\\\/edmpgroup.com\\\/#website\",\"url\":\"https:\\\/\\\/edmpgroup.com\\\/\",\"name\":\"Edmpco\",\"description\":\"Engineering, Design, Management & Planning | Product Show\",\"publisher\":{\"@id\":\"https:\\\/\\\/edmpgroup.com\\\/#organization\"},\"potentialAction\":[{\"@type\":\"SearchAction\",\"target\":{\"@type\":\"EntryPoint\",\"urlTemplate\":\"https:\\\/\\\/edmpgroup.com\\\/?s={search_term_string}\"},\"query-input\":{\"@type\":\"PropertyValueSpecification\",\"valueRequired\":true,\"valueName\":\"search_term_string\"}}],\"inLanguage\":\"fr-FR\"},{\"@type\":\"Organization\",\"@id\":\"https:\\\/\\\/edmpgroup.com\\\/#organization\",\"name\":\"Edmpco\",\"url\":\"https:\\\/\\\/edmpgroup.com\\\/\",\"logo\":{\"@type\":\"ImageObject\",\"inLanguage\":\"fr-FR\",\"@id\":\"https:\\\/\\\/edmpgroup.com\\\/#\\\/schema\\\/logo\\\/image\\\/\",\"url\":\"https:\\\/\\\/edmpco.com\\\/wp-content\\\/uploads\\\/2025\\\/10\\\/EDMP.svg\",\"contentUrl\":\"https:\\\/\\\/edmpco.com\\\/wp-content\\\/uploads\\\/2025\\\/10\\\/EDMP.svg\",\"width\":350,\"height\":105,\"caption\":\"Edmpco\"},\"image\":{\"@id\":\"https:\\\/\\\/edmpgroup.com\\\/#\\\/schema\\\/logo\\\/image\\\/\"}}]}<\/script>\n<!-- \/ Yoast SEO plugin. -->","yoast_head_json":{"title":"Magno 22","robots":{"index":"index","follow":"follow","max-snippet":"max-snippet:-1","max-image-preview":"max-image-preview:large","max-video-preview":"max-video-preview:-1"},"canonical":"https:\/\/edmpgroup.com\/fr\/product\/magno-22\/","og_locale":"fr_FR","og_type":"article","og_title":"[:en]Magno 22[:es]Magno 22[:fr]Magno 22[:] - Edmpco","og_description":"Le Magno 22 est un compteur d'\u00e9lectricit\u00e9 intelligent monophas\u00e9 de pointe, con\u00e7u pour prendre en charge les syst\u00e8mes post pay\u00e9s et pr\u00e9pay\u00e9s. Il offre un ensemble complet de fonctionnalit\u00e9s, notamment la surveillance du r\u00e9seau \u00e9lectrique, le contr\u00f4le de la charge, la d\u00e9tection d'effraction et les fonctions de distribution automatique, ce qui en fait une solution id\u00e9ale pour les applications r\u00e9sidentielles et commerciales. Le Magno 22 am\u00e9liore les op\u00e9rations des services publics en fournissant des informations en temps r\u00e9el sur la consommation d'\u00e9nergie, ce qui permet une gestion plus efficace de l'\u00e9nergie. Il est \u00e9quip\u00e9 de capacit\u00e9s anti-falsification avanc\u00e9es qui prot\u00e8gent contre la fraude et minimisent les pertes de ligne, ce qui augmente les revenus des services publics et am\u00e9liore l'int\u00e9grit\u00e9 globale du r\u00e9seau.  Fiche d'information","og_url":"https:\/\/edmpgroup.com\/fr\/product\/magno-22\/","og_site_name":"Edmpco","article_modified_time":"2026-03-18T05:14:21+00:00","og_image":[{"width":500,"height":500,"url":"https:\/\/edmpgroup.com\/wp-content\/uploads\/2025\/11\/Website-Image.jpg","type":"image\/jpeg"}],"twitter_card":"summary_large_image","twitter_misc":{"Dur\u00e9e de lecture estim\u00e9e":"1 minute"},"schema":{"@context":"https:\/\/schema.org","@graph":[{"@type":"WebPage","@id":"https:\/\/edmpgroup.com\/product\/magno-22\/","url":"https:\/\/edmpgroup.com\/product\/magno-22\/","name":"Magno 22","isPartOf":{"@id":"https:\/\/edmpgroup.com\/#website"},"primaryImageOfPage":{"@id":"https:\/\/edmpgroup.com\/product\/magno-22\/#primaryimage"},"image":{"@id":"https:\/\/edmpgroup.com\/product\/magno-22\/#primaryimage"},"thumbnailUrl":"https:\/\/edmpgroup.com\/wp-content\/uploads\/2025\/11\/Website-Image.jpg","datePublished":"2025-11-01T17:00:42+00:00","dateModified":"2026-03-18T05:14:21+00:00","breadcrumb":{"@id":"https:\/\/edmpgroup.com\/product\/magno-22\/#breadcrumb"},"inLanguage":"fr-FR","potentialAction":[{"@type":"ReadAction","target":["https:\/\/edmpgroup.com\/product\/magno-22\/"]}]},{"@type":"ImageObject","inLanguage":"fr-FR","@id":"https:\/\/edmpgroup.com\/product\/magno-22\/#primaryimage","url":"https:\/\/edmpgroup.com\/wp-content\/uploads\/2025\/11\/Website-Image.jpg","contentUrl":"https:\/\/edmpgroup.com\/wp-content\/uploads\/2025\/11\/Website-Image.jpg","width":500,"height":500},{"@type":"BreadcrumbList","@id":"https:\/\/edmpgroup.com\/product\/magno-22\/#breadcrumb","itemListElement":[{"@type":"ListItem","position":1,"name":"Home","item":"https:\/\/edmpgroup.com\/"},{"@type":"ListItem","position":2,"name":"Shop","item":"https:\/\/edmpgroup.com\/shop\/"},{"@type":"ListItem","position":3,"name":"Magno 22"}]},{"@type":"WebSite","@id":"https:\/\/edmpgroup.com\/#website","url":"https:\/\/edmpgroup.com\/","name":"Edmpco","description":"Engineering, Design, Management & Planning | Product Show","publisher":{"@id":"https:\/\/edmpgroup.com\/#organization"},"potentialAction":[{"@type":"SearchAction","target":{"@type":"EntryPoint","urlTemplate":"https:\/\/edmpgroup.com\/?s={search_term_string}"},"query-input":{"@type":"PropertyValueSpecification","valueRequired":true,"valueName":"search_term_string"}}],"inLanguage":"fr-FR"},{"@type":"Organization","@id":"https:\/\/edmpgroup.com\/#organization","name":"Edmpco","url":"https:\/\/edmpgroup.com\/","logo":{"@type":"ImageObject","inLanguage":"fr-FR","@id":"https:\/\/edmpgroup.com\/#\/schema\/logo\/image\/","url":"https:\/\/edmpco.com\/wp-content\/uploads\/2025\/10\/EDMP.svg","contentUrl":"https:\/\/edmpco.com\/wp-content\/uploads\/2025\/10\/EDMP.svg","width":350,"height":105,"caption":"Edmpco"},"image":{"@id":"https:\/\/edmpgroup.com\/#\/schema\/logo\/image\/"}}]}},"_links":{"self":[{"href":"https:\/\/edmpgroup.com\/fr\/wp-json\/wp\/v2\/product\/5466","targetHints":{"allow":["GET"]}}],"collection":[{"href":"https:\/\/edmpgroup.com\/fr\/wp-json\/wp\/v2\/product"}],"about":[{"href":"https:\/\/edmpgroup.com\/fr\/wp-json\/wp\/v2\/types\/product"}],"replies":[{"embeddable":true,"href":"https:\/\/edmpgroup.com\/fr\/wp-json\/wp\/v2\/comments?post=5466"}],"wp:featuredmedia":[{"embeddable":true,"href":"https:\/\/edmpgroup.com\/fr\/wp-json\/wp\/v2\/media\/7323"}],"wp:attachment":[{"href":"https:\/\/edmpgroup.com\/fr\/wp-json\/wp\/v2\/media?parent=5466"}],"wp:term":[{"taxonomy":"product_brand","embeddable":true,"href":"https:\/\/edmpgroup.com\/fr\/wp-json\/wp\/v2\/product_brand?post=5466"},{"taxonomy":"product_cat","embeddable":true,"href":"https:\/\/edmpgroup.com\/fr\/wp-json\/wp\/v2\/product_cat?post=5466"},{"taxonomy":"product_tag","embeddable":true,"href":"https:\/\/edmpgroup.com\/fr\/wp-json\/wp\/v2\/product_tag?post=5466"}],"curies":[{"name":"wp","href":"https:\/\/api.w.org\/{rel}","templated":true}]}}