{"id":5743,"date":"2025-11-03T12:00:53","date_gmt":"2025-11-03T12:00:53","guid":{"rendered":"https:\/\/edmpco.com\/?post_type=product&#038;p=5743"},"modified":"2025-11-06T10:27:19","modified_gmt":"2025-11-06T10:27:19","slug":"gridlynk-billing","status":"publish","type":"product","link":"https:\/\/edmpgroup.com\/es\/product\/gridlynk-billing\/","title":{"rendered":"Facturaci\u00f3n de GridLynk"},"content":{"rendered":"<p>GridLynk Billing es una soluci\u00f3n avanzada dise\u00f1ada para agilizar el proceso de facturaci\u00f3n de las empresas de servicios p\u00fablicos, garantizando precisi\u00f3n, eficiencia y flexibilidad. Esta plataforma se integra a la perfecci\u00f3n con medidores inteligentes y sistemas de gesti\u00f3n de datos de medidores (MDMS) para recopilar y procesar datos de consumo, lo que permite a las empresas de servicios p\u00fablicos generar facturas precisas basadas en el uso real. Con GridLynk Billing, las empresas de servicios p\u00fablicos pueden administrar clientes de prepago y pospago, lo que admite diversos modelos de facturaci\u00f3n, como tiempo de uso (TOU), tarifas planas y precios escalonados. El sistema automatiza los ciclos de facturaci\u00f3n, desde la recopilaci\u00f3n de datos hasta la generaci\u00f3n y entrega de facturas, minimizando los errores y reduciendo la carga de trabajo administrativo.<\/p>\n<p class=\"p3\">Caracter\u00edsticas clave de la facturaci\u00f3n de GridLynk<\/p>\n<p class=\"p1\">GridLynk Billing proporciona a las empresas de servicios p\u00fablicos una plataforma flexible y f\u00e1cil de usar para administrar todo su proceso de facturaci\u00f3n. Admite la facturaci\u00f3n en tiempo real y los c\u00e1lculos precisos de las tarifas, lo que garantiza que a los clientes se les cobre correctamente en funci\u00f3n de sus patrones de consumo. La plataforma puede manejar estructuras de facturaci\u00f3n complejas, incluidos cambios din\u00e1micos de tarifas, soporte multidivisa y facturaci\u00f3n de servicios adicionales como mantenimiento o tarifas de clientes. Adem\u00e1s, GridLynk Billing se integra con varios sistemas de pago, lo que permite a los clientes realizar pagos a trav\u00e9s de aplicaciones m\u00f3viles, portales en l\u00ednea y estaciones expendedoras f\u00edsicas. La soluci\u00f3n tambi\u00e9n incluye informes y an\u00e1lisis detallados para que las empresas de servicios p\u00fablicos monitoreen los ingresos, identifiquen discrepancias y optimicen las operaciones de facturaci\u00f3n.<\/p>\n<p class=\"p3\">Beneficios para las empresas de servicios p\u00fablicos<\/p>\n<p>&nbsp;<\/p>\n<p class=\"p1\">GridLynk Billing ofrece numerosos beneficios para las empresas de servicios p\u00fablicos, mejorando la recaudaci\u00f3n de ingresos, la eficiencia operativa y la satisfacci\u00f3n del cliente. Al automatizar el proceso de facturaci\u00f3n y reducir la intervenci\u00f3n manual, las empresas de servicios p\u00fablicos pueden reducir significativamente los costos administrativos y eliminar los errores de facturaci\u00f3n. La flexibilidad del sistema permite a las empresas de servicios p\u00fablicos adaptarse a las condiciones cambiantes del mercado y las necesidades de los clientes, ofreciendo ciclos de facturaci\u00f3n y opciones de pago personalizables. Con datos en tiempo real e informes detallados, las empresas de servicios p\u00fablicos obtienen informaci\u00f3n valiosa sobre las tendencias de consumo y el rendimiento financiero, lo que les ayuda a tomar decisiones basadas en datos. Para los clientes, la capacidad de ver facturas precisas y oportunas, junto con opciones de pago convenientes, mejora la satisfacci\u00f3n y la confianza en el servicio p\u00fablico.<\/p>\n","protected":false},"excerpt":{"rendered":"<p>GridLynk Billing es una soluci\u00f3n avanzada dise\u00f1ada para agilizar el proceso de facturaci\u00f3n de las empresas de servicios p\u00fablicos, garantizando precisi\u00f3n, eficiencia y flexibilidad. Esta plataforma se integra a la perfecci\u00f3n con medidores inteligentes y sistemas de gesti\u00f3n de datos de medidores (MDMS) para recopilar y procesar datos de consumo, lo que permite a las empresas de servicios p\u00fablicos generar facturas precisas basadas en el uso real. Con GridLynk Billing, las empresas de servicios p\u00fablicos pueden administrar clientes de prepago y pospago, lo que admite diversos modelos de facturaci\u00f3n, como tiempo de uso (TOU), tarifas planas y precios escalonados. El sistema automatiza los ciclos de facturaci\u00f3n, desde la recopilaci\u00f3n de datos hasta la generaci\u00f3n y entrega de facturas, minimizando los errores y reduciendo la carga de trabajo administrativo.<\/p>\n<p class=\"p3\">Caracter\u00edsticas clave de la facturaci\u00f3n de GridLynk<\/p>\n<p class=\"p1\">GridLynk Billing proporciona a las empresas de servicios p\u00fablicos una plataforma flexible y f\u00e1cil de usar para administrar todo su proceso de facturaci\u00f3n. Admite la facturaci\u00f3n en tiempo real y los c\u00e1lculos precisos de las tarifas, lo que garantiza que a los clientes se les cobre correctamente en funci\u00f3n de sus patrones de consumo. La plataforma puede manejar estructuras de facturaci\u00f3n complejas, incluidos cambios din\u00e1micos de tarifas, soporte multidivisa y facturaci\u00f3n de servicios adicionales como mantenimiento o tarifas de clientes. Adem\u00e1s, GridLynk Billing se integra con varios sistemas de pago, lo que permite a los clientes realizar pagos a trav\u00e9s de aplicaciones m\u00f3viles, portales en l\u00ednea y estaciones expendedoras f\u00edsicas. La soluci\u00f3n tambi\u00e9n incluye informes y an\u00e1lisis detallados para que las empresas de servicios p\u00fablicos monitoreen los ingresos, identifiquen discrepancias y optimicen las operaciones de facturaci\u00f3n.<\/p>\n<p class=\"p3\">Beneficios para las empresas de servicios p\u00fablicos<\/p>\n<p>&nbsp;<\/p>\n<p class=\"p1\">GridLynk Billing ofrece numerosos beneficios para las empresas de servicios p\u00fablicos, mejorando la recaudaci\u00f3n de ingresos, la eficiencia operativa y la satisfacci\u00f3n del cliente. Al automatizar el proceso de facturaci\u00f3n y reducir la intervenci\u00f3n manual, las empresas de servicios p\u00fablicos pueden reducir significativamente los costos administrativos y eliminar los errores de facturaci\u00f3n. La flexibilidad del sistema permite a las empresas de servicios p\u00fablicos adaptarse a las condiciones cambiantes del mercado y las necesidades de los clientes, ofreciendo ciclos de facturaci\u00f3n y opciones de pago personalizables. Con datos en tiempo real e informes detallados, las empresas de servicios p\u00fablicos obtienen informaci\u00f3n valiosa sobre las tendencias de consumo y el rendimiento financiero, lo que les ayuda a tomar decisiones basadas en datos. Para los clientes, la capacidad de ver facturas precisas y oportunas, junto con opciones de pago convenientes, mejora la satisfacci\u00f3n y la confianza en el servicio p\u00fablico.<\/p>\n","protected":false},"featured_media":6463,"comment_status":"open","ping_status":"closed","template":"","meta":[],"product_brand":[],"product_cat":[52],"product_tag":[],"class_list":{"0":"post-5743","1":"product","2":"type-product","3":"status-publish","4":"has-post-thumbnail","6":"product_cat-system-and-software","8":"first","9":"instock","10":"shipping-taxable","11":"product-type-simple"},"yoast_head":"<!-- This site is optimized with the Yoast SEO plugin v27.4 - https:\/\/yoast.com\/product\/yoast-seo-wordpress\/ -->\n<title>Facturaci\u00f3n de GridLynk<\/title>\n<meta name=\"robots\" content=\"index, follow, max-snippet:-1, max-image-preview:large, max-video-preview:-1\" \/>\n<link rel=\"canonical\" href=\"https:\/\/edmpgroup.com\/es\/product\/gridlynk-billing\/\" \/>\n<meta property=\"og:locale\" content=\"es_ES\" \/>\n<meta property=\"og:locale:alternate\" content=\"en_US\" \/>\n<meta property=\"og:locale:alternate\" content=\"fr_FR\" \/>\n<meta property=\"og:type\" content=\"article\" \/>\n<meta property=\"og:title\" content=\"Facturaci\u00f3n de GridLynk\" \/>\n<meta property=\"og:description\" content=\"GridLynk Billing es una soluci\u00f3n avanzada dise\u00f1ada para agilizar el proceso de facturaci\u00f3n de las empresas de servicios p\u00fablicos, garantizando precisi\u00f3n, eficiencia y flexibilidad. Esta plataforma se integra a la perfecci\u00f3n con medidores inteligentes y sistemas de gesti\u00f3n de datos de medidores (MDMS) para recopilar y procesar datos de consumo, lo que permite a las empresas de servicios p\u00fablicos generar facturas precisas basadas en el uso real. Con GridLynk Billing, las empresas de servicios p\u00fablicos pueden administrar clientes de prepago y pospago, lo que admite diversos modelos de facturaci\u00f3n, como tiempo de uso (TOU), tarifas planas y precios escalonados. El sistema automatiza los ciclos de facturaci\u00f3n, desde la recopilaci\u00f3n de datos hasta la generaci\u00f3n y entrega de facturas, minimizando los errores y reduciendo la carga de trabajo administrativo. Caracter\u00edsticas clave de la facturaci\u00f3n de GridLynk GridLynk Billing proporciona a las empresas de servicios p\u00fablicos una plataforma flexible y f\u00e1cil de usar para administrar todo su proceso de facturaci\u00f3n. Admite la facturaci\u00f3n en tiempo real y los c\u00e1lculos precisos de las tarifas, lo que garantiza que a los clientes se les cobre correctamente en funci\u00f3n de sus patrones de consumo. La plataforma puede manejar estructuras de facturaci\u00f3n complejas, incluidos cambios din\u00e1micos de tarifas, soporte multidivisa y facturaci\u00f3n de servicios adicionales como mantenimiento o tarifas de clientes. Adem\u00e1s, GridLynk Billing se integra con varios sistemas de pago, lo que permite a los clientes realizar pagos a trav\u00e9s de aplicaciones m\u00f3viles, portales en l\u00ednea y estaciones expendedoras f\u00edsicas. La soluci\u00f3n tambi\u00e9n incluye informes y an\u00e1lisis detallados para que las empresas de servicios p\u00fablicos monitoreen los ingresos, identifiquen discrepancias y optimicen las operaciones de facturaci\u00f3n. Beneficios para las empresas de servicios p\u00fablicos &nbsp; GridLynk Billing ofrece numerosos beneficios para las empresas de servicios p\u00fablicos, mejorando la recaudaci\u00f3n de ingresos, la eficiencia operativa y la satisfacci\u00f3n del cliente. Al automatizar el proceso de facturaci\u00f3n y reducir la intervenci\u00f3n manual, las empresas de servicios p\u00fablicos pueden reducir significativamente los costos administrativos y eliminar los errores de facturaci\u00f3n. La flexibilidad del sistema permite a las empresas de servicios p\u00fablicos adaptarse a las condiciones cambiantes del mercado y las necesidades de los clientes, ofreciendo ciclos de facturaci\u00f3n y opciones de pago personalizables. Con datos en tiempo real e informes detallados, las empresas de servicios p\u00fablicos obtienen informaci\u00f3n valiosa sobre las tendencias de consumo y el rendimiento financiero, lo que les ayuda a tomar decisiones basadas en datos. Para los clientes, la capacidad de ver facturas precisas y oportunas, junto con opciones de pago convenientes, mejora la satisfacci\u00f3n y la confianza en el servicio p\u00fablico.\" \/>\n<meta property=\"og:url\" content=\"https:\/\/edmpgroup.com\/es\/product\/gridlynk-billing\/\" \/>\n<meta property=\"og:site_name\" content=\"Edmpco\" \/>\n<meta property=\"article:modified_time\" content=\"2025-11-06T10:27:19+00:00\" \/>\n<meta property=\"og:image\" content=\"https:\/\/edmpgroup.com\/wp-content\/uploads\/2025\/11\/GridLynk-Billing.jpg\" \/>\n\t<meta property=\"og:image:width\" content=\"1458\" \/>\n\t<meta property=\"og:image:height\" content=\"1875\" \/>\n\t<meta property=\"og:image:type\" content=\"image\/jpeg\" \/>\n<meta name=\"twitter:card\" content=\"summary_large_image\" \/>\n<meta name=\"twitter:label1\" content=\"Tiempo de lectura\" \/>\n\t<meta name=\"twitter:data1\" content=\"6 minutos\" \/>\n<script type=\"application\/ld+json\" class=\"yoast-schema-graph\">{\"@context\":\"https:\\\/\\\/schema.org\",\"@graph\":[{\"@type\":\"WebPage\",\"@id\":\"https:\\\/\\\/edmpgroup.com\\\/product\\\/gridlynk-billing\\\/\",\"url\":\"https:\\\/\\\/edmpgroup.com\\\/product\\\/gridlynk-billing\\\/\",\"name\":\"Facturaci\u00f3n de GridLynk\",\"isPartOf\":{\"@id\":\"https:\\\/\\\/edmpgroup.com\\\/#website\"},\"primaryImageOfPage\":{\"@id\":\"https:\\\/\\\/edmpgroup.com\\\/product\\\/gridlynk-billing\\\/#primaryimage\"},\"image\":{\"@id\":\"https:\\\/\\\/edmpgroup.com\\\/product\\\/gridlynk-billing\\\/#primaryimage\"},\"thumbnailUrl\":\"https:\\\/\\\/edmpgroup.com\\\/wp-content\\\/uploads\\\/2025\\\/11\\\/GridLynk-Billing.jpg\",\"datePublished\":\"2025-11-03T12:00:53+00:00\",\"dateModified\":\"2025-11-06T10:27:19+00:00\",\"breadcrumb\":{\"@id\":\"https:\\\/\\\/edmpgroup.com\\\/product\\\/gridlynk-billing\\\/#breadcrumb\"},\"inLanguage\":\"es-ES\",\"potentialAction\":[{\"@type\":\"ReadAction\",\"target\":[\"https:\\\/\\\/edmpgroup.com\\\/product\\\/gridlynk-billing\\\/\"]}]},{\"@type\":\"ImageObject\",\"inLanguage\":\"es-ES\",\"@id\":\"https:\\\/\\\/edmpgroup.com\\\/product\\\/gridlynk-billing\\\/#primaryimage\",\"url\":\"https:\\\/\\\/edmpgroup.com\\\/wp-content\\\/uploads\\\/2025\\\/11\\\/GridLynk-Billing.jpg\",\"contentUrl\":\"https:\\\/\\\/edmpgroup.com\\\/wp-content\\\/uploads\\\/2025\\\/11\\\/GridLynk-Billing.jpg\",\"width\":1458,\"height\":1875},{\"@type\":\"BreadcrumbList\",\"@id\":\"https:\\\/\\\/edmpgroup.com\\\/product\\\/gridlynk-billing\\\/#breadcrumb\",\"itemListElement\":[{\"@type\":\"ListItem\",\"position\":1,\"name\":\"Home\",\"item\":\"https:\\\/\\\/edmpgroup.com\\\/\"},{\"@type\":\"ListItem\",\"position\":2,\"name\":\"Shop\",\"item\":\"https:\\\/\\\/edmpgroup.com\\\/shop\\\/\"},{\"@type\":\"ListItem\",\"position\":3,\"name\":\"GridLynk Billing\"}]},{\"@type\":\"WebSite\",\"@id\":\"https:\\\/\\\/edmpgroup.com\\\/#website\",\"url\":\"https:\\\/\\\/edmpgroup.com\\\/\",\"name\":\"Edmpco\",\"description\":\"Engineering, Design, Management & Planning | Product Show\",\"publisher\":{\"@id\":\"https:\\\/\\\/edmpgroup.com\\\/#organization\"},\"potentialAction\":[{\"@type\":\"SearchAction\",\"target\":{\"@type\":\"EntryPoint\",\"urlTemplate\":\"https:\\\/\\\/edmpgroup.com\\\/?s={search_term_string}\"},\"query-input\":{\"@type\":\"PropertyValueSpecification\",\"valueRequired\":true,\"valueName\":\"search_term_string\"}}],\"inLanguage\":\"es-ES\"},{\"@type\":\"Organization\",\"@id\":\"https:\\\/\\\/edmpgroup.com\\\/#organization\",\"name\":\"Edmpco\",\"url\":\"https:\\\/\\\/edmpgroup.com\\\/\",\"logo\":{\"@type\":\"ImageObject\",\"inLanguage\":\"es-ES\",\"@id\":\"https:\\\/\\\/edmpgroup.com\\\/#\\\/schema\\\/logo\\\/image\\\/\",\"url\":\"https:\\\/\\\/edmpco.com\\\/wp-content\\\/uploads\\\/2025\\\/10\\\/EDMP.svg\",\"contentUrl\":\"https:\\\/\\\/edmpco.com\\\/wp-content\\\/uploads\\\/2025\\\/10\\\/EDMP.svg\",\"width\":350,\"height\":105,\"caption\":\"Edmpco\"},\"image\":{\"@id\":\"https:\\\/\\\/edmpgroup.com\\\/#\\\/schema\\\/logo\\\/image\\\/\"}}]}<\/script>\n<!-- \/ Yoast SEO plugin. -->","yoast_head_json":{"title":"Facturaci\u00f3n de GridLynk","robots":{"index":"index","follow":"follow","max-snippet":"max-snippet:-1","max-image-preview":"max-image-preview:large","max-video-preview":"max-video-preview:-1"},"canonical":"https:\/\/edmpgroup.com\/es\/product\/gridlynk-billing\/","og_locale":"es_ES","og_type":"article","og_title":"[:en]GridLynk Billing[:es]Facturaci\u00f3n de GridLynk[:fr]Facturation GridLynk[:] - Edmpco","og_description":"GridLynk Billing es una soluci\u00f3n avanzada dise\u00f1ada para agilizar el proceso de facturaci\u00f3n de las empresas de servicios p\u00fablicos, garantizando precisi\u00f3n, eficiencia y flexibilidad. Esta plataforma se integra a la perfecci\u00f3n con medidores inteligentes y sistemas de gesti\u00f3n de datos de medidores (MDMS) para recopilar y procesar datos de consumo, lo que permite a las empresas de servicios p\u00fablicos generar facturas precisas basadas en el uso real. Con GridLynk Billing, las empresas de servicios p\u00fablicos pueden administrar clientes de prepago y pospago, lo que admite diversos modelos de facturaci\u00f3n, como tiempo de uso (TOU), tarifas planas y precios escalonados. El sistema automatiza los ciclos de facturaci\u00f3n, desde la recopilaci\u00f3n de datos hasta la generaci\u00f3n y entrega de facturas, minimizando los errores y reduciendo la carga de trabajo administrativo. Caracter\u00edsticas clave de la facturaci\u00f3n de GridLynk GridLynk Billing proporciona a las empresas de servicios p\u00fablicos una plataforma flexible y f\u00e1cil de usar para administrar todo su proceso de facturaci\u00f3n. Admite la facturaci\u00f3n en tiempo real y los c\u00e1lculos precisos de las tarifas, lo que garantiza que a los clientes se les cobre correctamente en funci\u00f3n de sus patrones de consumo. La plataforma puede manejar estructuras de facturaci\u00f3n complejas, incluidos cambios din\u00e1micos de tarifas, soporte multidivisa y facturaci\u00f3n de servicios adicionales como mantenimiento o tarifas de clientes. Adem\u00e1s, GridLynk Billing se integra con varios sistemas de pago, lo que permite a los clientes realizar pagos a trav\u00e9s de aplicaciones m\u00f3viles, portales en l\u00ednea y estaciones expendedoras f\u00edsicas. La soluci\u00f3n tambi\u00e9n incluye informes y an\u00e1lisis detallados para que las empresas de servicios p\u00fablicos monitoreen los ingresos, identifiquen discrepancias y optimicen las operaciones de facturaci\u00f3n. Beneficios para las empresas de servicios p\u00fablicos &nbsp; GridLynk Billing ofrece numerosos beneficios para las empresas de servicios p\u00fablicos, mejorando la recaudaci\u00f3n de ingresos, la eficiencia operativa y la satisfacci\u00f3n del cliente. Al automatizar el proceso de facturaci\u00f3n y reducir la intervenci\u00f3n manual, las empresas de servicios p\u00fablicos pueden reducir significativamente los costos administrativos y eliminar los errores de facturaci\u00f3n. La flexibilidad del sistema permite a las empresas de servicios p\u00fablicos adaptarse a las condiciones cambiantes del mercado y las necesidades de los clientes, ofreciendo ciclos de facturaci\u00f3n y opciones de pago personalizables. Con datos en tiempo real e informes detallados, las empresas de servicios p\u00fablicos obtienen informaci\u00f3n valiosa sobre las tendencias de consumo y el rendimiento financiero, lo que les ayuda a tomar decisiones basadas en datos. Para los clientes, la capacidad de ver facturas precisas y oportunas, junto con opciones de pago convenientes, mejora la satisfacci\u00f3n y la confianza en el servicio p\u00fablico.","og_url":"https:\/\/edmpgroup.com\/es\/product\/gridlynk-billing\/","og_site_name":"Edmpco","article_modified_time":"2025-11-06T10:27:19+00:00","og_image":[{"width":1458,"height":1875,"url":"https:\/\/edmpgroup.com\/wp-content\/uploads\/2025\/11\/GridLynk-Billing.jpg","type":"image\/jpeg"}],"twitter_card":"summary_large_image","twitter_misc":{"Tiempo de lectura":"6 minutos"},"schema":{"@context":"https:\/\/schema.org","@graph":[{"@type":"WebPage","@id":"https:\/\/edmpgroup.com\/product\/gridlynk-billing\/","url":"https:\/\/edmpgroup.com\/product\/gridlynk-billing\/","name":"Facturaci\u00f3n de GridLynk","isPartOf":{"@id":"https:\/\/edmpgroup.com\/#website"},"primaryImageOfPage":{"@id":"https:\/\/edmpgroup.com\/product\/gridlynk-billing\/#primaryimage"},"image":{"@id":"https:\/\/edmpgroup.com\/product\/gridlynk-billing\/#primaryimage"},"thumbnailUrl":"https:\/\/edmpgroup.com\/wp-content\/uploads\/2025\/11\/GridLynk-Billing.jpg","datePublished":"2025-11-03T12:00:53+00:00","dateModified":"2025-11-06T10:27:19+00:00","breadcrumb":{"@id":"https:\/\/edmpgroup.com\/product\/gridlynk-billing\/#breadcrumb"},"inLanguage":"es-ES","potentialAction":[{"@type":"ReadAction","target":["https:\/\/edmpgroup.com\/product\/gridlynk-billing\/"]}]},{"@type":"ImageObject","inLanguage":"es-ES","@id":"https:\/\/edmpgroup.com\/product\/gridlynk-billing\/#primaryimage","url":"https:\/\/edmpgroup.com\/wp-content\/uploads\/2025\/11\/GridLynk-Billing.jpg","contentUrl":"https:\/\/edmpgroup.com\/wp-content\/uploads\/2025\/11\/GridLynk-Billing.jpg","width":1458,"height":1875},{"@type":"BreadcrumbList","@id":"https:\/\/edmpgroup.com\/product\/gridlynk-billing\/#breadcrumb","itemListElement":[{"@type":"ListItem","position":1,"name":"Home","item":"https:\/\/edmpgroup.com\/"},{"@type":"ListItem","position":2,"name":"Shop","item":"https:\/\/edmpgroup.com\/shop\/"},{"@type":"ListItem","position":3,"name":"GridLynk Billing"}]},{"@type":"WebSite","@id":"https:\/\/edmpgroup.com\/#website","url":"https:\/\/edmpgroup.com\/","name":"Edmpco","description":"Engineering, Design, Management & Planning | Product Show","publisher":{"@id":"https:\/\/edmpgroup.com\/#organization"},"potentialAction":[{"@type":"SearchAction","target":{"@type":"EntryPoint","urlTemplate":"https:\/\/edmpgroup.com\/?s={search_term_string}"},"query-input":{"@type":"PropertyValueSpecification","valueRequired":true,"valueName":"search_term_string"}}],"inLanguage":"es-ES"},{"@type":"Organization","@id":"https:\/\/edmpgroup.com\/#organization","name":"Edmpco","url":"https:\/\/edmpgroup.com\/","logo":{"@type":"ImageObject","inLanguage":"es-ES","@id":"https:\/\/edmpgroup.com\/#\/schema\/logo\/image\/","url":"https:\/\/edmpco.com\/wp-content\/uploads\/2025\/10\/EDMP.svg","contentUrl":"https:\/\/edmpco.com\/wp-content\/uploads\/2025\/10\/EDMP.svg","width":350,"height":105,"caption":"Edmpco"},"image":{"@id":"https:\/\/edmpgroup.com\/#\/schema\/logo\/image\/"}}]}},"_links":{"self":[{"href":"https:\/\/edmpgroup.com\/es\/wp-json\/wp\/v2\/product\/5743","targetHints":{"allow":["GET"]}}],"collection":[{"href":"https:\/\/edmpgroup.com\/es\/wp-json\/wp\/v2\/product"}],"about":[{"href":"https:\/\/edmpgroup.com\/es\/wp-json\/wp\/v2\/types\/product"}],"replies":[{"embeddable":true,"href":"https:\/\/edmpgroup.com\/es\/wp-json\/wp\/v2\/comments?post=5743"}],"wp:featuredmedia":[{"embeddable":true,"href":"https:\/\/edmpgroup.com\/es\/wp-json\/wp\/v2\/media\/6463"}],"wp:attachment":[{"href":"https:\/\/edmpgroup.com\/es\/wp-json\/wp\/v2\/media?parent=5743"}],"wp:term":[{"taxonomy":"product_brand","embeddable":true,"href":"https:\/\/edmpgroup.com\/es\/wp-json\/wp\/v2\/product_brand?post=5743"},{"taxonomy":"product_cat","embeddable":true,"href":"https:\/\/edmpgroup.com\/es\/wp-json\/wp\/v2\/product_cat?post=5743"},{"taxonomy":"product_tag","embeddable":true,"href":"https:\/\/edmpgroup.com\/es\/wp-json\/wp\/v2\/product_tag?post=5743"}],"curies":[{"name":"wp","href":"https:\/\/api.w.org\/{rel}","templated":true}]}}