{"id":5490,"date":"2025-11-01T09:00:06","date_gmt":"2025-11-01T09:00:06","guid":{"rendered":"https:\/\/edmpco.com\/?post_type=product&#038;p=5490"},"modified":"2026-03-23T11:45:55","modified_gmt":"2026-03-23T11:45:55","slug":"mega-x","status":"publish","type":"product","link":"https:\/\/edmpgroup.com\/es\/product\/mega-x\/","title":{"rendered":"Mega X"},"content":{"rendered":"<p>El Mega X CT\/VT es un medidor de alta precisi\u00f3n (0,2 s) dise\u00f1ado para aplicaciones de subestaciones, lo que garantiza datos precisos para la calidad de la energ\u00eda, la gesti\u00f3n de la carga y el rendimiento del sistema. Sus m\u00f3dulos de comunicaci\u00f3n plugo-and-playa permiten una integraci\u00f3n perfecta con varios sistemas de cabecera (HES), lo que mejora la eficiencia operativa y el acceso a los datos en tiempo real.<\/p>\n<p>Con un amplio almacenamiento de datos, una pantalla LCD clara y capacidades de actualizaci\u00f3n remota de firmware, el Mega X simplifica el mantenimiento y admite un an\u00e1lisis en profundidad. Las s\u00f3lidas caracter\u00edsticas anti-manipulaci\u00f3n y un dise\u00f1o duradero lo convierten en una soluci\u00f3n confiable, segura y eficiente para la medici\u00f3n moderna de subestaciones.<\/p>\n","protected":false},"excerpt":{"rendered":"<p>El Mega X CT\/VT es un medidor de alta precisi\u00f3n (0,2 s) dise\u00f1ado para aplicaciones de subestaciones, lo que garantiza datos precisos para la calidad de la energ\u00eda, la gesti\u00f3n de la carga y el rendimiento del sistema. Sus m\u00f3dulos de comunicaci\u00f3n plugo-and-playa permiten una integraci\u00f3n perfecta con varios sistemas de cabecera (HES), lo que mejora la eficiencia operativa y el acceso a los datos en tiempo real.<\/p>\n<p>Con un amplio almacenamiento de datos, una pantalla LCD clara y capacidades de actualizaci\u00f3n remota de firmware, el Mega X simplifica el mantenimiento y admite un an\u00e1lisis en profundidad. Las s\u00f3lidas caracter\u00edsticas anti-manipulaci\u00f3n y un dise\u00f1o duradero lo convierten en una soluci\u00f3n confiable, segura y eficiente para la medici\u00f3n moderna de subestaciones.<\/p>\n<p><a class=\"psacp-rdmr-btn\" href=\"https:\/\/edmpgroup.com\/wp-content\/uploads\/2025\/11\/Mega-X-WITHOUT-IDIS.pdf\" target=\"_blank\" rel=\"noopener\">Ficha informativa<\/a><\/p>\n","protected":false},"featured_media":6574,"comment_status":"open","ping_status":"closed","template":"","meta":[],"product_brand":[],"product_cat":[15],"product_tag":[],"class_list":{"0":"post-5490","1":"product","2":"type-product","3":"status-publish","4":"has-post-thumbnail","6":"product_cat-electricity-meters","8":"first","9":"instock","10":"shipping-taxable","11":"product-type-simple"},"yoast_head":"<!-- This site is optimized with the Yoast SEO plugin v27.4 - https:\/\/yoast.com\/product\/yoast-seo-wordpress\/ -->\n<title>Mega X<\/title>\n<meta name=\"robots\" content=\"index, follow, max-snippet:-1, max-image-preview:large, max-video-preview:-1\" \/>\n<link rel=\"canonical\" href=\"https:\/\/edmpgroup.com\/es\/product\/mega-x\/\" \/>\n<meta property=\"og:locale\" content=\"es_ES\" \/>\n<meta property=\"og:locale:alternate\" content=\"en_US\" \/>\n<meta property=\"og:locale:alternate\" content=\"fr_FR\" \/>\n<meta property=\"og:type\" content=\"article\" \/>\n<meta property=\"og:title\" content=\"Mega X\" \/>\n<meta property=\"og:description\" content=\"El Mega X CT\/VT es un medidor de alta precisi\u00f3n (0,2 s) dise\u00f1ado para aplicaciones de subestaciones, lo que garantiza datos precisos para la calidad de la energ\u00eda, la gesti\u00f3n de la carga y el rendimiento del sistema. Sus m\u00f3dulos de comunicaci\u00f3n plugo-and-playa permiten una integraci\u00f3n perfecta con varios sistemas de cabecera (HES), lo que mejora la eficiencia operativa y el acceso a los datos en tiempo real.  Con un amplio almacenamiento de datos, una pantalla LCD clara y capacidades de actualizaci\u00f3n remota de firmware, el Mega X simplifica el mantenimiento y admite un an\u00e1lisis en profundidad. Las s\u00f3lidas caracter\u00edsticas anti-manipulaci\u00f3n y un dise\u00f1o duradero lo convierten en una soluci\u00f3n confiable, segura y eficiente para la medici\u00f3n moderna de subestaciones.  Ficha informativa\" \/>\n<meta property=\"og:url\" content=\"https:\/\/edmpgroup.com\/es\/product\/mega-x\/\" \/>\n<meta property=\"og:site_name\" content=\"Edmpco\" \/>\n<meta property=\"article:modified_time\" content=\"2026-03-23T11:45:55+00:00\" \/>\n<meta property=\"og:image\" content=\"https:\/\/edmpgroup.com\/wp-content\/uploads\/2025\/11\/Website-9.jpg\" \/>\n\t<meta property=\"og:image:width\" content=\"500\" \/>\n\t<meta property=\"og:image:height\" content=\"500\" \/>\n\t<meta property=\"og:image:type\" content=\"image\/jpeg\" \/>\n<meta name=\"twitter:card\" content=\"summary_large_image\" \/>\n<meta name=\"twitter:label1\" content=\"Tiempo de lectura\" \/>\n\t<meta name=\"twitter:data1\" content=\"1 minuto\" \/>\n<script type=\"application\/ld+json\" class=\"yoast-schema-graph\">{\"@context\":\"https:\\\/\\\/schema.org\",\"@graph\":[{\"@type\":\"WebPage\",\"@id\":\"https:\\\/\\\/edmpgroup.com\\\/product\\\/mega-x\\\/\",\"url\":\"https:\\\/\\\/edmpgroup.com\\\/product\\\/mega-x\\\/\",\"name\":\"Mega X\",\"isPartOf\":{\"@id\":\"https:\\\/\\\/edmpgroup.com\\\/#website\"},\"primaryImageOfPage\":{\"@id\":\"https:\\\/\\\/edmpgroup.com\\\/product\\\/mega-x\\\/#primaryimage\"},\"image\":{\"@id\":\"https:\\\/\\\/edmpgroup.com\\\/product\\\/mega-x\\\/#primaryimage\"},\"thumbnailUrl\":\"https:\\\/\\\/edmpgroup.com\\\/wp-content\\\/uploads\\\/2025\\\/11\\\/Mega-x-1.jpg\",\"datePublished\":\"2025-11-01T09:00:06+00:00\",\"dateModified\":\"2026-03-23T11:45:55+00:00\",\"breadcrumb\":{\"@id\":\"https:\\\/\\\/edmpgroup.com\\\/product\\\/mega-x\\\/#breadcrumb\"},\"inLanguage\":\"es-ES\",\"potentialAction\":[{\"@type\":\"ReadAction\",\"target\":[\"https:\\\/\\\/edmpgroup.com\\\/product\\\/mega-x\\\/\"]}]},{\"@type\":\"ImageObject\",\"inLanguage\":\"es-ES\",\"@id\":\"https:\\\/\\\/edmpgroup.com\\\/product\\\/mega-x\\\/#primaryimage\",\"url\":\"https:\\\/\\\/edmpgroup.com\\\/wp-content\\\/uploads\\\/2025\\\/11\\\/Mega-x-1.jpg\",\"contentUrl\":\"https:\\\/\\\/edmpgroup.com\\\/wp-content\\\/uploads\\\/2025\\\/11\\\/Mega-x-1.jpg\",\"width\":1458,\"height\":1875},{\"@type\":\"BreadcrumbList\",\"@id\":\"https:\\\/\\\/edmpgroup.com\\\/product\\\/mega-x\\\/#breadcrumb\",\"itemListElement\":[{\"@type\":\"ListItem\",\"position\":1,\"name\":\"Home\",\"item\":\"https:\\\/\\\/edmpgroup.com\\\/\"},{\"@type\":\"ListItem\",\"position\":2,\"name\":\"Shop\",\"item\":\"https:\\\/\\\/edmpgroup.com\\\/shop\\\/\"},{\"@type\":\"ListItem\",\"position\":3,\"name\":\"Mega X\"}]},{\"@type\":\"WebSite\",\"@id\":\"https:\\\/\\\/edmpgroup.com\\\/#website\",\"url\":\"https:\\\/\\\/edmpgroup.com\\\/\",\"name\":\"Edmpco\",\"description\":\"Engineering, Design, Management & Planning | Product Show\",\"publisher\":{\"@id\":\"https:\\\/\\\/edmpgroup.com\\\/#organization\"},\"potentialAction\":[{\"@type\":\"SearchAction\",\"target\":{\"@type\":\"EntryPoint\",\"urlTemplate\":\"https:\\\/\\\/edmpgroup.com\\\/?s={search_term_string}\"},\"query-input\":{\"@type\":\"PropertyValueSpecification\",\"valueRequired\":true,\"valueName\":\"search_term_string\"}}],\"inLanguage\":\"es-ES\"},{\"@type\":\"Organization\",\"@id\":\"https:\\\/\\\/edmpgroup.com\\\/#organization\",\"name\":\"Edmpco\",\"url\":\"https:\\\/\\\/edmpgroup.com\\\/\",\"logo\":{\"@type\":\"ImageObject\",\"inLanguage\":\"es-ES\",\"@id\":\"https:\\\/\\\/edmpgroup.com\\\/#\\\/schema\\\/logo\\\/image\\\/\",\"url\":\"https:\\\/\\\/edmpco.com\\\/wp-content\\\/uploads\\\/2025\\\/10\\\/EDMP.svg\",\"contentUrl\":\"https:\\\/\\\/edmpco.com\\\/wp-content\\\/uploads\\\/2025\\\/10\\\/EDMP.svg\",\"width\":350,\"height\":105,\"caption\":\"Edmpco\"},\"image\":{\"@id\":\"https:\\\/\\\/edmpgroup.com\\\/#\\\/schema\\\/logo\\\/image\\\/\"}}]}<\/script>\n<!-- \/ Yoast SEO plugin. -->","yoast_head_json":{"title":"Mega X","robots":{"index":"index","follow":"follow","max-snippet":"max-snippet:-1","max-image-preview":"max-image-preview:large","max-video-preview":"max-video-preview:-1"},"canonical":"https:\/\/edmpgroup.com\/es\/product\/mega-x\/","og_locale":"es_ES","og_type":"article","og_title":"[:en]Mega X[:es]Mega X[:fr]Mega X[:] - Edmpco","og_description":"El Mega X CT\/VT es un medidor de alta precisi\u00f3n (0,2 s) dise\u00f1ado para aplicaciones de subestaciones, lo que garantiza datos precisos para la calidad de la energ\u00eda, la gesti\u00f3n de la carga y el rendimiento del sistema. Sus m\u00f3dulos de comunicaci\u00f3n plugo-and-playa permiten una integraci\u00f3n perfecta con varios sistemas de cabecera (HES), lo que mejora la eficiencia operativa y el acceso a los datos en tiempo real.  Con un amplio almacenamiento de datos, una pantalla LCD clara y capacidades de actualizaci\u00f3n remota de firmware, el Mega X simplifica el mantenimiento y admite un an\u00e1lisis en profundidad. Las s\u00f3lidas caracter\u00edsticas anti-manipulaci\u00f3n y un dise\u00f1o duradero lo convierten en una soluci\u00f3n confiable, segura y eficiente para la medici\u00f3n moderna de subestaciones.  Ficha informativa","og_url":"https:\/\/edmpgroup.com\/es\/product\/mega-x\/","og_site_name":"Edmpco","article_modified_time":"2026-03-23T11:45:55+00:00","og_image":[{"width":500,"height":500,"url":"https:\/\/edmpgroup.com\/wp-content\/uploads\/2025\/11\/Website-9.jpg","type":"image\/jpeg"}],"twitter_card":"summary_large_image","twitter_misc":{"Tiempo de lectura":"1 minuto"},"schema":{"@context":"https:\/\/schema.org","@graph":[{"@type":"WebPage","@id":"https:\/\/edmpgroup.com\/product\/mega-x\/","url":"https:\/\/edmpgroup.com\/product\/mega-x\/","name":"Mega X","isPartOf":{"@id":"https:\/\/edmpgroup.com\/#website"},"primaryImageOfPage":{"@id":"https:\/\/edmpgroup.com\/product\/mega-x\/#primaryimage"},"image":{"@id":"https:\/\/edmpgroup.com\/product\/mega-x\/#primaryimage"},"thumbnailUrl":"https:\/\/edmpgroup.com\/wp-content\/uploads\/2025\/11\/Mega-x-1.jpg","datePublished":"2025-11-01T09:00:06+00:00","dateModified":"2026-03-23T11:45:55+00:00","breadcrumb":{"@id":"https:\/\/edmpgroup.com\/product\/mega-x\/#breadcrumb"},"inLanguage":"es-ES","potentialAction":[{"@type":"ReadAction","target":["https:\/\/edmpgroup.com\/product\/mega-x\/"]}]},{"@type":"ImageObject","inLanguage":"es-ES","@id":"https:\/\/edmpgroup.com\/product\/mega-x\/#primaryimage","url":"https:\/\/edmpgroup.com\/wp-content\/uploads\/2025\/11\/Mega-x-1.jpg","contentUrl":"https:\/\/edmpgroup.com\/wp-content\/uploads\/2025\/11\/Mega-x-1.jpg","width":1458,"height":1875},{"@type":"BreadcrumbList","@id":"https:\/\/edmpgroup.com\/product\/mega-x\/#breadcrumb","itemListElement":[{"@type":"ListItem","position":1,"name":"Home","item":"https:\/\/edmpgroup.com\/"},{"@type":"ListItem","position":2,"name":"Shop","item":"https:\/\/edmpgroup.com\/shop\/"},{"@type":"ListItem","position":3,"name":"Mega X"}]},{"@type":"WebSite","@id":"https:\/\/edmpgroup.com\/#website","url":"https:\/\/edmpgroup.com\/","name":"Edmpco","description":"Engineering, Design, Management & Planning | Product Show","publisher":{"@id":"https:\/\/edmpgroup.com\/#organization"},"potentialAction":[{"@type":"SearchAction","target":{"@type":"EntryPoint","urlTemplate":"https:\/\/edmpgroup.com\/?s={search_term_string}"},"query-input":{"@type":"PropertyValueSpecification","valueRequired":true,"valueName":"search_term_string"}}],"inLanguage":"es-ES"},{"@type":"Organization","@id":"https:\/\/edmpgroup.com\/#organization","name":"Edmpco","url":"https:\/\/edmpgroup.com\/","logo":{"@type":"ImageObject","inLanguage":"es-ES","@id":"https:\/\/edmpgroup.com\/#\/schema\/logo\/image\/","url":"https:\/\/edmpco.com\/wp-content\/uploads\/2025\/10\/EDMP.svg","contentUrl":"https:\/\/edmpco.com\/wp-content\/uploads\/2025\/10\/EDMP.svg","width":350,"height":105,"caption":"Edmpco"},"image":{"@id":"https:\/\/edmpgroup.com\/#\/schema\/logo\/image\/"}}]}},"_links":{"self":[{"href":"https:\/\/edmpgroup.com\/es\/wp-json\/wp\/v2\/product\/5490","targetHints":{"allow":["GET"]}}],"collection":[{"href":"https:\/\/edmpgroup.com\/es\/wp-json\/wp\/v2\/product"}],"about":[{"href":"https:\/\/edmpgroup.com\/es\/wp-json\/wp\/v2\/types\/product"}],"replies":[{"embeddable":true,"href":"https:\/\/edmpgroup.com\/es\/wp-json\/wp\/v2\/comments?post=5490"}],"wp:featuredmedia":[{"embeddable":true,"href":"https:\/\/edmpgroup.com\/es\/wp-json\/wp\/v2\/media\/6574"}],"wp:attachment":[{"href":"https:\/\/edmpgroup.com\/es\/wp-json\/wp\/v2\/media?parent=5490"}],"wp:term":[{"taxonomy":"product_brand","embeddable":true,"href":"https:\/\/edmpgroup.com\/es\/wp-json\/wp\/v2\/product_brand?post=5490"},{"taxonomy":"product_cat","embeddable":true,"href":"https:\/\/edmpgroup.com\/es\/wp-json\/wp\/v2\/product_cat?post=5490"},{"taxonomy":"product_tag","embeddable":true,"href":"https:\/\/edmpgroup.com\/es\/wp-json\/wp\/v2\/product_tag?post=5490"}],"curies":[{"name":"wp","href":"https:\/\/api.w.org\/{rel}","templated":true}]}}