{"id":5466,"date":"2025-11-01T17:00:42","date_gmt":"2025-11-01T17:00:42","guid":{"rendered":"https:\/\/edmpco.com\/?post_type=product&#038;p=5466"},"modified":"2026-03-18T05:14:21","modified_gmt":"2026-03-18T05:14:21","slug":"magno-22","status":"publish","type":"product","link":"https:\/\/edmpgroup.com\/es\/product\/magno-22\/","title":{"rendered":"Magno 22"},"content":{"rendered":"<p>The Magno 22 is a cutting-edge single-phase smart electricity meter designed to support both postpaid and prepaid systems. It offers a comprehensive set of features, including power grid monitoring, load control, tamper detection, and vending functions, making it an ideal solution for residential and commercial applications. The Magno 22 enhances utility operations by providing real-time insights into energy usage, allowing for more effective energy management. It is equipped with advanced anti-tamper capabilities that protect against fraud and minimize line losses, which in turn boosts utility revenues and improves overall grid integrity.\tEl Magno 22 es un medidor de electricidad inteligente monof\u00e1sico de \u00faltima generaci\u00f3n dise\u00f1ado para admitir sistemas de pospago y prepago. Ofrece un conjunto completo de caracter\u00edsticas, que incluyen monitoreo de la red el\u00e9ctrica, control de carga, detecci\u00f3n de manipulaci\u00f3n y funciones de venta, lo que lo convierte en una soluci\u00f3n ideal para aplicaciones residenciales y comerciales. El Magno 22 mejora las operaciones de los servicios p\u00fablicos al proporcionar informaci\u00f3n en tiempo real sobre el uso de la energ\u00eda, lo que permite una gesti\u00f3n de la energ\u00eda m\u00e1s eficaz. Est\u00e1 equipado con capacidades avanzadas contra la manipulaci\u00f3n que protegen contra el fraude y minimizan las p\u00e9rdidas de l\u00ednea, lo que a su vez aumenta los ingresos de las empresas de servicios p\u00fablicos y mejora la integridad general de la red.<\/p>\n","protected":false},"excerpt":{"rendered":"<p>The Magno 22 is a cutting-edge single-phase smart electricity meter designed to support both postpaid and prepaid systems. It offers a comprehensive set of features, including power grid monitoring, load control, tamper detection, and vending functions, making it an ideal solution for residential and commercial applications. The Magno 22 enhances utility operations by providing real-time insights into energy usage, allowing for more effective energy management. It is equipped with advanced anti-tamper capabilities that protect against fraud and minimize line losses, which in turn boosts utility revenues and improves overall grid integrity.\tEl Magno 22 es un medidor de electricidad inteligente monof\u00e1sico de \u00faltima generaci\u00f3n dise\u00f1ado para admitir sistemas de pospago y prepago. Ofrece un conjunto completo de caracter\u00edsticas, que incluyen monitoreo de la red el\u00e9ctrica, control de carga, detecci\u00f3n de manipulaci\u00f3n y funciones de venta, lo que lo convierte en una soluci\u00f3n ideal para aplicaciones residenciales y comerciales. El Magno 22 mejora las operaciones de los servicios p\u00fablicos al proporcionar informaci\u00f3n en tiempo real sobre el uso de la energ\u00eda, lo que permite una gesti\u00f3n de la energ\u00eda m\u00e1s eficaz. Est\u00e1 equipado con capacidades avanzadas contra la manipulaci\u00f3n que protegen contra el fraude y minimizan las p\u00e9rdidas de l\u00ednea, lo que a su vez aumenta los ingresos de las empresas de servicios p\u00fablicos y mejora la integridad general de la red.<\/p>\n<p><a class=\"psacp-rdmr-btn\" href=\"https:\/\/edmpgroup.com\/wp-content\/uploads\/2025\/11\/MAGNO-22-WITHOUT-IDIS.pdf\" target=\"_blank\" rel=\"noopener\">Ficha informativa<\/a><\/p>\n","protected":false},"featured_media":7323,"comment_status":"open","ping_status":"closed","template":"","meta":[],"product_brand":[],"product_cat":[15],"product_tag":[],"class_list":{"0":"post-5466","1":"product","2":"type-product","3":"status-publish","4":"has-post-thumbnail","6":"product_cat-electricity-meters","8":"first","9":"instock","10":"featured","11":"shipping-taxable","12":"product-type-simple"},"yoast_head":"<!-- This site is optimized with the Yoast SEO plugin v27.4 - https:\/\/yoast.com\/product\/yoast-seo-wordpress\/ -->\n<title>Magno 22<\/title>\n<meta name=\"robots\" content=\"index, follow, max-snippet:-1, max-image-preview:large, max-video-preview:-1\" \/>\n<link rel=\"canonical\" href=\"https:\/\/edmpgroup.com\/es\/product\/magno-22\/\" \/>\n<meta property=\"og:locale\" content=\"es_ES\" \/>\n<meta property=\"og:locale:alternate\" content=\"en_US\" \/>\n<meta property=\"og:locale:alternate\" content=\"fr_FR\" \/>\n<meta property=\"og:type\" content=\"article\" \/>\n<meta property=\"og:title\" content=\"Magno 22\" \/>\n<meta property=\"og:description\" content=\"The Magno 22 is a cutting-edge single-phase smart electricity meter designed to support both postpaid and prepaid systems. It offers a comprehensive set of features, including power grid monitoring, load control, tamper detection, and vending functions, making it an ideal solution for residential and commercial applications. The Magno 22 enhances utility operations by providing real-time insights into energy usage, allowing for more effective energy management. It is equipped with advanced anti-tamper capabilities that protect against fraud and minimize line losses, which in turn boosts utility revenues and improves overall grid integrity. El Magno 22 es un medidor de electricidad inteligente monof\u00e1sico de \u00faltima generaci\u00f3n dise\u00f1ado para admitir sistemas de pospago y prepago. Ofrece un conjunto completo de caracter\u00edsticas, que incluyen monitoreo de la red el\u00e9ctrica, control de carga, detecci\u00f3n de manipulaci\u00f3n y funciones de venta, lo que lo convierte en una soluci\u00f3n ideal para aplicaciones residenciales y comerciales. El Magno 22 mejora las operaciones de los servicios p\u00fablicos al proporcionar informaci\u00f3n en tiempo real sobre el uso de la energ\u00eda, lo que permite una gesti\u00f3n de la energ\u00eda m\u00e1s eficaz. Est\u00e1 equipado con capacidades avanzadas contra la manipulaci\u00f3n que protegen contra el fraude y minimizan las p\u00e9rdidas de l\u00ednea, lo que a su vez aumenta los ingresos de las empresas de servicios p\u00fablicos y mejora la integridad general de la red.  Ficha informativa\" \/>\n<meta property=\"og:url\" content=\"https:\/\/edmpgroup.com\/es\/product\/magno-22\/\" \/>\n<meta property=\"og:site_name\" content=\"Edmpco\" \/>\n<meta property=\"article:modified_time\" content=\"2026-03-18T05:14:21+00:00\" \/>\n<meta property=\"og:image\" content=\"https:\/\/edmpgroup.com\/wp-content\/uploads\/2025\/11\/Website-Image.jpg\" \/>\n\t<meta property=\"og:image:width\" content=\"500\" \/>\n\t<meta property=\"og:image:height\" content=\"500\" \/>\n\t<meta property=\"og:image:type\" content=\"image\/jpeg\" \/>\n<meta name=\"twitter:card\" content=\"summary_large_image\" \/>\n<meta name=\"twitter:label1\" content=\"Tiempo de lectura\" \/>\n\t<meta name=\"twitter:data1\" content=\"1 minuto\" \/>\n<script type=\"application\/ld+json\" class=\"yoast-schema-graph\">{\"@context\":\"https:\\\/\\\/schema.org\",\"@graph\":[{\"@type\":\"WebPage\",\"@id\":\"https:\\\/\\\/edmpgroup.com\\\/product\\\/magno-22\\\/\",\"url\":\"https:\\\/\\\/edmpgroup.com\\\/product\\\/magno-22\\\/\",\"name\":\"Magno 22\",\"isPartOf\":{\"@id\":\"https:\\\/\\\/edmpgroup.com\\\/#website\"},\"primaryImageOfPage\":{\"@id\":\"https:\\\/\\\/edmpgroup.com\\\/product\\\/magno-22\\\/#primaryimage\"},\"image\":{\"@id\":\"https:\\\/\\\/edmpgroup.com\\\/product\\\/magno-22\\\/#primaryimage\"},\"thumbnailUrl\":\"https:\\\/\\\/edmpgroup.com\\\/wp-content\\\/uploads\\\/2025\\\/11\\\/Website-Image.jpg\",\"datePublished\":\"2025-11-01T17:00:42+00:00\",\"dateModified\":\"2026-03-18T05:14:21+00:00\",\"breadcrumb\":{\"@id\":\"https:\\\/\\\/edmpgroup.com\\\/product\\\/magno-22\\\/#breadcrumb\"},\"inLanguage\":\"es-ES\",\"potentialAction\":[{\"@type\":\"ReadAction\",\"target\":[\"https:\\\/\\\/edmpgroup.com\\\/product\\\/magno-22\\\/\"]}]},{\"@type\":\"ImageObject\",\"inLanguage\":\"es-ES\",\"@id\":\"https:\\\/\\\/edmpgroup.com\\\/product\\\/magno-22\\\/#primaryimage\",\"url\":\"https:\\\/\\\/edmpgroup.com\\\/wp-content\\\/uploads\\\/2025\\\/11\\\/Website-Image.jpg\",\"contentUrl\":\"https:\\\/\\\/edmpgroup.com\\\/wp-content\\\/uploads\\\/2025\\\/11\\\/Website-Image.jpg\",\"width\":500,\"height\":500},{\"@type\":\"BreadcrumbList\",\"@id\":\"https:\\\/\\\/edmpgroup.com\\\/product\\\/magno-22\\\/#breadcrumb\",\"itemListElement\":[{\"@type\":\"ListItem\",\"position\":1,\"name\":\"Home\",\"item\":\"https:\\\/\\\/edmpgroup.com\\\/\"},{\"@type\":\"ListItem\",\"position\":2,\"name\":\"Shop\",\"item\":\"https:\\\/\\\/edmpgroup.com\\\/shop\\\/\"},{\"@type\":\"ListItem\",\"position\":3,\"name\":\"Magno 22\"}]},{\"@type\":\"WebSite\",\"@id\":\"https:\\\/\\\/edmpgroup.com\\\/#website\",\"url\":\"https:\\\/\\\/edmpgroup.com\\\/\",\"name\":\"Edmpco\",\"description\":\"Engineering, Design, Management & Planning | Product Show\",\"publisher\":{\"@id\":\"https:\\\/\\\/edmpgroup.com\\\/#organization\"},\"potentialAction\":[{\"@type\":\"SearchAction\",\"target\":{\"@type\":\"EntryPoint\",\"urlTemplate\":\"https:\\\/\\\/edmpgroup.com\\\/?s={search_term_string}\"},\"query-input\":{\"@type\":\"PropertyValueSpecification\",\"valueRequired\":true,\"valueName\":\"search_term_string\"}}],\"inLanguage\":\"es-ES\"},{\"@type\":\"Organization\",\"@id\":\"https:\\\/\\\/edmpgroup.com\\\/#organization\",\"name\":\"Edmpco\",\"url\":\"https:\\\/\\\/edmpgroup.com\\\/\",\"logo\":{\"@type\":\"ImageObject\",\"inLanguage\":\"es-ES\",\"@id\":\"https:\\\/\\\/edmpgroup.com\\\/#\\\/schema\\\/logo\\\/image\\\/\",\"url\":\"https:\\\/\\\/edmpco.com\\\/wp-content\\\/uploads\\\/2025\\\/10\\\/EDMP.svg\",\"contentUrl\":\"https:\\\/\\\/edmpco.com\\\/wp-content\\\/uploads\\\/2025\\\/10\\\/EDMP.svg\",\"width\":350,\"height\":105,\"caption\":\"Edmpco\"},\"image\":{\"@id\":\"https:\\\/\\\/edmpgroup.com\\\/#\\\/schema\\\/logo\\\/image\\\/\"}}]}<\/script>\n<!-- \/ Yoast SEO plugin. -->","yoast_head_json":{"title":"Magno 22","robots":{"index":"index","follow":"follow","max-snippet":"max-snippet:-1","max-image-preview":"max-image-preview:large","max-video-preview":"max-video-preview:-1"},"canonical":"https:\/\/edmpgroup.com\/es\/product\/magno-22\/","og_locale":"es_ES","og_type":"article","og_title":"[:en]Magno 22[:es]Magno 22[:fr]Magno 22[:] - Edmpco","og_description":"The Magno 22 is a cutting-edge single-phase smart electricity meter designed to support both postpaid and prepaid systems. It offers a comprehensive set of features, including power grid monitoring, load control, tamper detection, and vending functions, making it an ideal solution for residential and commercial applications. The Magno 22 enhances utility operations by providing real-time insights into energy usage, allowing for more effective energy management. It is equipped with advanced anti-tamper capabilities that protect against fraud and minimize line losses, which in turn boosts utility revenues and improves overall grid integrity. El Magno 22 es un medidor de electricidad inteligente monof\u00e1sico de \u00faltima generaci\u00f3n dise\u00f1ado para admitir sistemas de pospago y prepago. Ofrece un conjunto completo de caracter\u00edsticas, que incluyen monitoreo de la red el\u00e9ctrica, control de carga, detecci\u00f3n de manipulaci\u00f3n y funciones de venta, lo que lo convierte en una soluci\u00f3n ideal para aplicaciones residenciales y comerciales. El Magno 22 mejora las operaciones de los servicios p\u00fablicos al proporcionar informaci\u00f3n en tiempo real sobre el uso de la energ\u00eda, lo que permite una gesti\u00f3n de la energ\u00eda m\u00e1s eficaz. Est\u00e1 equipado con capacidades avanzadas contra la manipulaci\u00f3n que protegen contra el fraude y minimizan las p\u00e9rdidas de l\u00ednea, lo que a su vez aumenta los ingresos de las empresas de servicios p\u00fablicos y mejora la integridad general de la red.  Ficha informativa","og_url":"https:\/\/edmpgroup.com\/es\/product\/magno-22\/","og_site_name":"Edmpco","article_modified_time":"2026-03-18T05:14:21+00:00","og_image":[{"width":500,"height":500,"url":"https:\/\/edmpgroup.com\/wp-content\/uploads\/2025\/11\/Website-Image.jpg","type":"image\/jpeg"}],"twitter_card":"summary_large_image","twitter_misc":{"Tiempo de lectura":"1 minuto"},"schema":{"@context":"https:\/\/schema.org","@graph":[{"@type":"WebPage","@id":"https:\/\/edmpgroup.com\/product\/magno-22\/","url":"https:\/\/edmpgroup.com\/product\/magno-22\/","name":"Magno 22","isPartOf":{"@id":"https:\/\/edmpgroup.com\/#website"},"primaryImageOfPage":{"@id":"https:\/\/edmpgroup.com\/product\/magno-22\/#primaryimage"},"image":{"@id":"https:\/\/edmpgroup.com\/product\/magno-22\/#primaryimage"},"thumbnailUrl":"https:\/\/edmpgroup.com\/wp-content\/uploads\/2025\/11\/Website-Image.jpg","datePublished":"2025-11-01T17:00:42+00:00","dateModified":"2026-03-18T05:14:21+00:00","breadcrumb":{"@id":"https:\/\/edmpgroup.com\/product\/magno-22\/#breadcrumb"},"inLanguage":"es-ES","potentialAction":[{"@type":"ReadAction","target":["https:\/\/edmpgroup.com\/product\/magno-22\/"]}]},{"@type":"ImageObject","inLanguage":"es-ES","@id":"https:\/\/edmpgroup.com\/product\/magno-22\/#primaryimage","url":"https:\/\/edmpgroup.com\/wp-content\/uploads\/2025\/11\/Website-Image.jpg","contentUrl":"https:\/\/edmpgroup.com\/wp-content\/uploads\/2025\/11\/Website-Image.jpg","width":500,"height":500},{"@type":"BreadcrumbList","@id":"https:\/\/edmpgroup.com\/product\/magno-22\/#breadcrumb","itemListElement":[{"@type":"ListItem","position":1,"name":"Home","item":"https:\/\/edmpgroup.com\/"},{"@type":"ListItem","position":2,"name":"Shop","item":"https:\/\/edmpgroup.com\/shop\/"},{"@type":"ListItem","position":3,"name":"Magno 22"}]},{"@type":"WebSite","@id":"https:\/\/edmpgroup.com\/#website","url":"https:\/\/edmpgroup.com\/","name":"Edmpco","description":"Engineering, Design, Management & Planning | Product Show","publisher":{"@id":"https:\/\/edmpgroup.com\/#organization"},"potentialAction":[{"@type":"SearchAction","target":{"@type":"EntryPoint","urlTemplate":"https:\/\/edmpgroup.com\/?s={search_term_string}"},"query-input":{"@type":"PropertyValueSpecification","valueRequired":true,"valueName":"search_term_string"}}],"inLanguage":"es-ES"},{"@type":"Organization","@id":"https:\/\/edmpgroup.com\/#organization","name":"Edmpco","url":"https:\/\/edmpgroup.com\/","logo":{"@type":"ImageObject","inLanguage":"es-ES","@id":"https:\/\/edmpgroup.com\/#\/schema\/logo\/image\/","url":"https:\/\/edmpco.com\/wp-content\/uploads\/2025\/10\/EDMP.svg","contentUrl":"https:\/\/edmpco.com\/wp-content\/uploads\/2025\/10\/EDMP.svg","width":350,"height":105,"caption":"Edmpco"},"image":{"@id":"https:\/\/edmpgroup.com\/#\/schema\/logo\/image\/"}}]}},"_links":{"self":[{"href":"https:\/\/edmpgroup.com\/es\/wp-json\/wp\/v2\/product\/5466","targetHints":{"allow":["GET"]}}],"collection":[{"href":"https:\/\/edmpgroup.com\/es\/wp-json\/wp\/v2\/product"}],"about":[{"href":"https:\/\/edmpgroup.com\/es\/wp-json\/wp\/v2\/types\/product"}],"replies":[{"embeddable":true,"href":"https:\/\/edmpgroup.com\/es\/wp-json\/wp\/v2\/comments?post=5466"}],"wp:featuredmedia":[{"embeddable":true,"href":"https:\/\/edmpgroup.com\/es\/wp-json\/wp\/v2\/media\/7323"}],"wp:attachment":[{"href":"https:\/\/edmpgroup.com\/es\/wp-json\/wp\/v2\/media?parent=5466"}],"wp:term":[{"taxonomy":"product_brand","embeddable":true,"href":"https:\/\/edmpgroup.com\/es\/wp-json\/wp\/v2\/product_brand?post=5466"},{"taxonomy":"product_cat","embeddable":true,"href":"https:\/\/edmpgroup.com\/es\/wp-json\/wp\/v2\/product_cat?post=5466"},{"taxonomy":"product_tag","embeddable":true,"href":"https:\/\/edmpgroup.com\/es\/wp-json\/wp\/v2\/product_tag?post=5466"}],"curies":[{"name":"wp","href":"https:\/\/api.w.org\/{rel}","templated":true}]}}