{"id":5220,"date":"2025-10-28T05:48:39","date_gmt":"2025-10-28T05:48:39","guid":{"rendered":"https:\/\/edmpco.com\/?page_id=5220"},"modified":"2026-04-17T06:40:03","modified_gmt":"2026-04-17T06:40:03","slug":"wisdom-hub","status":"publish","type":"page","link":"https:\/\/edmpgroup.com\/es\/wisdom-hub\/","title":{"rendered":"Centro de sabidur\u00eda"},"content":{"rendered":"\t\t<div data-elementor-type=\"wp-page\" data-elementor-id=\"5220\" class=\"elementor elementor-5220\">\n\t\t\t\t\t\t<section class=\"elementor-section elementor-top-section elementor-element elementor-element-ca00d56 ot-traditional elementor-section-boxed elementor-section-height-default elementor-section-height-default\" data-id=\"ca00d56\" data-element_type=\"section\" data-e-type=\"section\">\n\t\t\t\t\t\t<div class=\"elementor-container elementor-column-gap-default\">\n\t\t\t\t\t<div class=\"elementor-column elementor-col-100 elementor-top-column elementor-element elementor-element-ffdf0ac ot-flex-column-vertical\" data-id=\"ffdf0ac\" data-element_type=\"column\" data-e-type=\"column\">\n\t\t\t<div class=\"elementor-widget-wrap elementor-element-populated\">\n\t\t\t\t\t\t<section class=\"elementor-section elementor-inner-section elementor-element elementor-element-75221f9 elementor-section-full_width elementor-section-content-bottom ot-traditional elementor-section-height-default elementor-section-height-default\" data-id=\"75221f9\" data-element_type=\"section\" data-e-type=\"section\">\n\t\t\t\t\t\t<div class=\"elementor-container elementor-column-gap-default\">\n\t\t\t\t\t<div class=\"elementor-column elementor-col-50 elementor-inner-column elementor-element elementor-element-c1b831a ot-flex-column-vertical\" data-id=\"c1b831a\" data-element_type=\"column\" data-e-type=\"column\">\n\t\t\t<div class=\"elementor-widget-wrap elementor-element-populated\">\n\t\t\t\t\t\t<div class=\"elementor-element elementor-element-1b26fd1 elementor-widget elementor-widget-iheading\" data-id=\"1b26fd1\" data-element_type=\"widget\" data-e-type=\"widget\" data-widget_type=\"iheading.default\">\n\t\t\t\t<div class=\"elementor-widget-container\">\n\t\t\t\t\t\t\t<div class=\"ot-heading\">\r\n\t        \t            <span>\/\/ Centro de sabidur\u00eda<\/span>\r\n\t        <h2 class=\"main-heading\"><b>Centro de  <\/b>sabidur\u00eda<\/h2>\t    <\/div>\r\n\t    \t\t\t\t<\/div>\n\t\t\t\t<\/div>\n\t\t\t\t\t<\/div>\n\t\t<\/div>\n\t\t\t\t<div class=\"elementor-column elementor-col-50 elementor-inner-column elementor-element elementor-element-615e33b ot-flex-column-vertical\" data-id=\"615e33b\" data-element_type=\"column\" data-e-type=\"column\">\n\t\t\t<div class=\"elementor-widget-wrap\">\n\t\t\t\t\t\t\t<\/div>\n\t\t<\/div>\n\t\t\t\t\t<\/div>\n\t\t<\/section>\n\t\t\t\t<div class=\"elementor-element elementor-element-0c66a9a elementor-widget elementor-widget-spacer\" data-id=\"0c66a9a\" data-element_type=\"widget\" data-e-type=\"widget\" data-widget_type=\"spacer.default\">\n\t\t\t\t\t\t\t<div class=\"elementor-spacer\">\n\t\t\t<div class=\"elementor-spacer-inner\"><\/div>\n\t\t<\/div>\n\t\t\t\t\t\t<\/div>\n\t\t\t\t<section class=\"elementor-section elementor-inner-section elementor-element elementor-element-64da2ad elementor-section-full_width ot-traditional elementor-section-height-default elementor-section-height-default\" data-id=\"64da2ad\" data-element_type=\"section\" data-e-type=\"section\">\n\t\t\t\t\t\t<div class=\"elementor-container elementor-column-gap-extended\">\n\t\t\t\t\t<div class=\"elementor-column elementor-col-33 elementor-inner-column elementor-element elementor-element-73d21de ot-flex-column-vertical\" data-id=\"73d21de\" data-element_type=\"column\" data-e-type=\"column\">\n\t\t\t<div class=\"elementor-widget-wrap elementor-element-populated\">\n\t\t\t\t\t\t<div class=\"elementor-element elementor-element-ea120f3 elementor-widget elementor-widget-image\" data-id=\"ea120f3\" data-element_type=\"widget\" data-e-type=\"widget\" data-widget_type=\"image.default\">\n\t\t\t\t\t\t\t\t\t\t\t\t\t\t\t<img fetchpriority=\"high\" decoding=\"async\" width=\"375\" height=\"335\" src=\"https:\/\/edmpgroup.com\/wp-content\/uploads\/2025\/10\/wisdom-hub.jpg\" class=\"attachment-engitech-slider-post-thumbnail size-engitech-slider-post-thumbnail wp-image-5249\" alt=\"\" srcset=\"https:\/\/edmpgroup.com\/wp-content\/uploads\/2025\/10\/wisdom-hub.jpg 375w, https:\/\/edmpgroup.com\/wp-content\/uploads\/2025\/10\/wisdom-hub-300x268.jpg 300w\" sizes=\"(max-width: 375px) 100vw, 375px\" \/>\t\t\t\t\t\t\t\t\t\t\t\t\t\t\t<\/div>\n\t\t\t\t<div class=\"elementor-element elementor-element-051d32d elementor-widget elementor-widget-iserv_box_2\" data-id=\"051d32d\" data-element_type=\"widget\" data-e-type=\"widget\" data-widget_type=\"iserv_box_2.default\">\n\t\t\t\t<div class=\"elementor-widget-container\">\n\t\t\t\t\t\r\n\t\t<div class=\"serv-box-2 s2\">\r\n\t\t\t<span class=\"big-number\"><\/span>\r\n\t\t\t<div class=\"icon-main\">\r\n\t\t        \t\t\t    <img decoding=\"async\" src=\"https:\/\/edmpco.com\/wp-content\/uploads\/2025\/10\/edmpco-small.png\" alt=\"Por qu\u00e9 es importante la comunicaci\u00f3n constructiva\">\t\t        \t        <\/div>\r\n\t        <div class=\"content-box\">\r\n\t            <h5>Por qu\u00e9 es importante la comunicaci\u00f3n constructiva<\/h5>\r\n\t\t\t\t<div>Los peligros de confiar \u00fanicamente en correos electr\u00f3nicos y mensajes: por qu\u00e9 es importante la comunicaci\u00f3n constructiva.<\/div>\r\n\t\t\t\t<a href=\"https:\/\/edmpco.com\/wp-content\/uploads\/2025\/11\/1737542847.pdf\" target=\"_blank\" class=\"btn-details\"><i class=\"flaticon-right-arrow-1\"><\/i> Descargar<\/a>\r\n\t        <\/div>\r\n\t    <\/div>\r\n\r\n\t    \t\t\t\t<\/div>\n\t\t\t\t<\/div>\n\t\t\t\t\t<\/div>\n\t\t<\/div>\n\t\t\t\t<div class=\"elementor-column elementor-col-33 elementor-inner-column elementor-element elementor-element-58b6f2a ot-flex-column-vertical\" data-id=\"58b6f2a\" data-element_type=\"column\" data-e-type=\"column\">\n\t\t\t<div class=\"elementor-widget-wrap elementor-element-populated\">\n\t\t\t\t\t\t<div class=\"elementor-element elementor-element-3652182 elementor-widget elementor-widget-spacer\" data-id=\"3652182\" data-element_type=\"widget\" data-e-type=\"widget\" data-widget_type=\"spacer.default\">\n\t\t\t\t\t\t\t<div class=\"elementor-spacer\">\n\t\t\t<div class=\"elementor-spacer-inner\"><\/div>\n\t\t<\/div>\n\t\t\t\t\t\t<\/div>\n\t\t\t\t\t<\/div>\n\t\t<\/div>\n\t\t\t\t<div class=\"elementor-column elementor-col-33 elementor-inner-column elementor-element elementor-element-80b173f elementor-hidden-tablet ot-flex-column-vertical\" data-id=\"80b173f\" data-element_type=\"column\" data-e-type=\"column\">\n\t\t\t<div class=\"elementor-widget-wrap elementor-element-populated\">\n\t\t\t\t\t\t<div class=\"elementor-element elementor-element-8ca67ac elementor-widget elementor-widget-spacer\" data-id=\"8ca67ac\" data-element_type=\"widget\" data-e-type=\"widget\" data-widget_type=\"spacer.default\">\n\t\t\t\t\t\t\t<div class=\"elementor-spacer\">\n\t\t\t<div class=\"elementor-spacer-inner\"><\/div>\n\t\t<\/div>\n\t\t\t\t\t\t<\/div>\n\t\t\t\t\t<\/div>\n\t\t<\/div>\n\t\t\t\t\t<\/div>\n\t\t<\/section>\n\t\t\t\t\t<\/div>\n\t\t<\/div>\n\t\t\t\t\t<\/div>\n\t\t<\/section>\n\t\t\t\t<\/div>\n\t\t","protected":false},"excerpt":{"rendered":"<p>\/\/ Centro de sabidur\u00eda Centro de sabidur\u00eda Por qu\u00e9 es importante la comunicaci\u00f3n constructiva Los peligros de confiar \u00fanicamente en correos electr\u00f3nicos y mensajes: por qu\u00e9 es importante la comunicaci\u00f3n constructiva. Descargar<\/p>\n","protected":false},"author":1,"featured_media":0,"parent":0,"menu_order":0,"comment_status":"closed","ping_status":"closed","template":"","meta":{"footnotes":""},"class_list":["post-5220","page","type-page","status-publish","hentry"],"yoast_head":"<!-- This site is optimized with the Yoast SEO plugin v27.4 - https:\/\/yoast.com\/product\/yoast-seo-wordpress\/ -->\n<title>Centro de sabidur\u00eda<\/title>\n<meta name=\"robots\" content=\"index, follow, max-snippet:-1, max-image-preview:large, max-video-preview:-1\" \/>\n<link rel=\"canonical\" href=\"https:\/\/edmpgroup.com\/es\/wisdom-hub\/\" \/>\n<meta property=\"og:locale\" content=\"es_ES\" \/>\n<meta property=\"og:locale:alternate\" content=\"en_US\" \/>\n<meta property=\"og:locale:alternate\" content=\"fr_FR\" \/>\n<meta property=\"og:type\" content=\"article\" \/>\n<meta property=\"og:title\" content=\"Centro de sabidur\u00eda\" \/>\n<meta property=\"og:description\" content=\"\/\/ Centro de sabidur\u00eda Centro de sabidur\u00eda Por qu\u00e9 es importante la comunicaci\u00f3n constructiva Los peligros de confiar \u00fanicamente en correos electr\u00f3nicos y mensajes: por qu\u00e9 es importante la comunicaci\u00f3n constructiva. Descargar\" \/>\n<meta property=\"og:url\" content=\"https:\/\/edmpgroup.com\/es\/wisdom-hub\/\" \/>\n<meta property=\"og:site_name\" content=\"Edmpco\" \/>\n<meta property=\"article:modified_time\" content=\"2026-04-17T06:40:03+00:00\" \/>\n<meta property=\"og:image\" content=\"https:\/\/edmpgroup.com\/wp-content\/uploads\/2025\/10\/wisdom-hub.jpg\" \/>\n\t<meta property=\"og:image:width\" content=\"375\" \/>\n\t<meta property=\"og:image:height\" content=\"335\" \/>\n\t<meta property=\"og:image:type\" content=\"image\/jpeg\" \/>\n<meta name=\"twitter:card\" content=\"summary_large_image\" \/>\n<meta name=\"twitter:label1\" content=\"Tiempo de lectura\" \/>\n\t<meta name=\"twitter:data1\" content=\"1 minuto\" \/>\n<script type=\"application\/ld+json\" class=\"yoast-schema-graph\">{\"@context\":\"https:\\\/\\\/schema.org\",\"@graph\":[{\"@type\":\"WebPage\",\"@id\":\"https:\\\/\\\/edmpgroup.com\\\/wisdom-hub\\\/\",\"url\":\"https:\\\/\\\/edmpgroup.com\\\/wisdom-hub\\\/\",\"name\":\"Centro de sabidur\u00eda\",\"isPartOf\":{\"@id\":\"https:\\\/\\\/edmpgroup.com\\\/#website\"},\"primaryImageOfPage\":{\"@id\":\"https:\\\/\\\/edmpgroup.com\\\/wisdom-hub\\\/#primaryimage\"},\"image\":{\"@id\":\"https:\\\/\\\/edmpgroup.com\\\/wisdom-hub\\\/#primaryimage\"},\"thumbnailUrl\":\"https:\\\/\\\/edmpgroup.com\\\/wp-content\\\/uploads\\\/2025\\\/10\\\/wisdom-hub.jpg\",\"datePublished\":\"2025-10-28T05:48:39+00:00\",\"dateModified\":\"2026-04-17T06:40:03+00:00\",\"breadcrumb\":{\"@id\":\"https:\\\/\\\/edmpgroup.com\\\/wisdom-hub\\\/#breadcrumb\"},\"inLanguage\":\"es-ES\",\"potentialAction\":[{\"@type\":\"ReadAction\",\"target\":[\"https:\\\/\\\/edmpgroup.com\\\/wisdom-hub\\\/\"]}]},{\"@type\":\"ImageObject\",\"inLanguage\":\"es-ES\",\"@id\":\"https:\\\/\\\/edmpgroup.com\\\/wisdom-hub\\\/#primaryimage\",\"url\":\"https:\\\/\\\/edmpgroup.com\\\/wp-content\\\/uploads\\\/2025\\\/10\\\/wisdom-hub.jpg\",\"contentUrl\":\"https:\\\/\\\/edmpgroup.com\\\/wp-content\\\/uploads\\\/2025\\\/10\\\/wisdom-hub.jpg\"},{\"@type\":\"BreadcrumbList\",\"@id\":\"https:\\\/\\\/edmpgroup.com\\\/wisdom-hub\\\/#breadcrumb\",\"itemListElement\":[{\"@type\":\"ListItem\",\"position\":1,\"name\":\"Home\",\"item\":\"https:\\\/\\\/edmpgroup.com\\\/\"},{\"@type\":\"ListItem\",\"position\":2,\"name\":\"Wisdom Hub\"}]},{\"@type\":\"WebSite\",\"@id\":\"https:\\\/\\\/edmpgroup.com\\\/#website\",\"url\":\"https:\\\/\\\/edmpgroup.com\\\/\",\"name\":\"Edmpco\",\"description\":\"Engineering, Design, Management & Planning | Product Show\",\"publisher\":{\"@id\":\"https:\\\/\\\/edmpgroup.com\\\/#organization\"},\"potentialAction\":[{\"@type\":\"SearchAction\",\"target\":{\"@type\":\"EntryPoint\",\"urlTemplate\":\"https:\\\/\\\/edmpgroup.com\\\/?s={search_term_string}\"},\"query-input\":{\"@type\":\"PropertyValueSpecification\",\"valueRequired\":true,\"valueName\":\"search_term_string\"}}],\"inLanguage\":\"es-ES\"},{\"@type\":\"Organization\",\"@id\":\"https:\\\/\\\/edmpgroup.com\\\/#organization\",\"name\":\"Edmpco\",\"url\":\"https:\\\/\\\/edmpgroup.com\\\/\",\"logo\":{\"@type\":\"ImageObject\",\"inLanguage\":\"es-ES\",\"@id\":\"https:\\\/\\\/edmpgroup.com\\\/#\\\/schema\\\/logo\\\/image\\\/\",\"url\":\"https:\\\/\\\/edmpco.com\\\/wp-content\\\/uploads\\\/2025\\\/10\\\/EDMP.svg\",\"contentUrl\":\"https:\\\/\\\/edmpco.com\\\/wp-content\\\/uploads\\\/2025\\\/10\\\/EDMP.svg\",\"width\":350,\"height\":105,\"caption\":\"Edmpco\"},\"image\":{\"@id\":\"https:\\\/\\\/edmpgroup.com\\\/#\\\/schema\\\/logo\\\/image\\\/\"}}]}<\/script>\n<!-- \/ Yoast SEO plugin. -->","yoast_head_json":{"title":"Centro de sabidur\u00eda","robots":{"index":"index","follow":"follow","max-snippet":"max-snippet:-1","max-image-preview":"max-image-preview:large","max-video-preview":"max-video-preview:-1"},"canonical":"https:\/\/edmpgroup.com\/es\/wisdom-hub\/","og_locale":"es_ES","og_type":"article","og_title":"[:en]Wisdom Hub[:es]Centro de sabidur\u00eda[:fr]Centre de sagesse[:] - Edmpco","og_description":"\/\/ Centro de sabidur\u00eda Centro de sabidur\u00eda Por qu\u00e9 es importante la comunicaci\u00f3n constructiva Los peligros de confiar \u00fanicamente en correos electr\u00f3nicos y mensajes: por qu\u00e9 es importante la comunicaci\u00f3n constructiva. Descargar","og_url":"https:\/\/edmpgroup.com\/es\/wisdom-hub\/","og_site_name":"Edmpco","article_modified_time":"2026-04-17T06:40:03+00:00","og_image":[{"width":375,"height":335,"url":"https:\/\/edmpgroup.com\/wp-content\/uploads\/2025\/10\/wisdom-hub.jpg","type":"image\/jpeg"}],"twitter_card":"summary_large_image","twitter_misc":{"Tiempo de lectura":"1 minuto"},"schema":{"@context":"https:\/\/schema.org","@graph":[{"@type":"WebPage","@id":"https:\/\/edmpgroup.com\/wisdom-hub\/","url":"https:\/\/edmpgroup.com\/wisdom-hub\/","name":"Centro de sabidur\u00eda","isPartOf":{"@id":"https:\/\/edmpgroup.com\/#website"},"primaryImageOfPage":{"@id":"https:\/\/edmpgroup.com\/wisdom-hub\/#primaryimage"},"image":{"@id":"https:\/\/edmpgroup.com\/wisdom-hub\/#primaryimage"},"thumbnailUrl":"https:\/\/edmpgroup.com\/wp-content\/uploads\/2025\/10\/wisdom-hub.jpg","datePublished":"2025-10-28T05:48:39+00:00","dateModified":"2026-04-17T06:40:03+00:00","breadcrumb":{"@id":"https:\/\/edmpgroup.com\/wisdom-hub\/#breadcrumb"},"inLanguage":"es-ES","potentialAction":[{"@type":"ReadAction","target":["https:\/\/edmpgroup.com\/wisdom-hub\/"]}]},{"@type":"ImageObject","inLanguage":"es-ES","@id":"https:\/\/edmpgroup.com\/wisdom-hub\/#primaryimage","url":"https:\/\/edmpgroup.com\/wp-content\/uploads\/2025\/10\/wisdom-hub.jpg","contentUrl":"https:\/\/edmpgroup.com\/wp-content\/uploads\/2025\/10\/wisdom-hub.jpg"},{"@type":"BreadcrumbList","@id":"https:\/\/edmpgroup.com\/wisdom-hub\/#breadcrumb","itemListElement":[{"@type":"ListItem","position":1,"name":"Home","item":"https:\/\/edmpgroup.com\/"},{"@type":"ListItem","position":2,"name":"Wisdom Hub"}]},{"@type":"WebSite","@id":"https:\/\/edmpgroup.com\/#website","url":"https:\/\/edmpgroup.com\/","name":"Edmpco","description":"Engineering, Design, Management & Planning | Product Show","publisher":{"@id":"https:\/\/edmpgroup.com\/#organization"},"potentialAction":[{"@type":"SearchAction","target":{"@type":"EntryPoint","urlTemplate":"https:\/\/edmpgroup.com\/?s={search_term_string}"},"query-input":{"@type":"PropertyValueSpecification","valueRequired":true,"valueName":"search_term_string"}}],"inLanguage":"es-ES"},{"@type":"Organization","@id":"https:\/\/edmpgroup.com\/#organization","name":"Edmpco","url":"https:\/\/edmpgroup.com\/","logo":{"@type":"ImageObject","inLanguage":"es-ES","@id":"https:\/\/edmpgroup.com\/#\/schema\/logo\/image\/","url":"https:\/\/edmpco.com\/wp-content\/uploads\/2025\/10\/EDMP.svg","contentUrl":"https:\/\/edmpco.com\/wp-content\/uploads\/2025\/10\/EDMP.svg","width":350,"height":105,"caption":"Edmpco"},"image":{"@id":"https:\/\/edmpgroup.com\/#\/schema\/logo\/image\/"}}]}},"rttpg_featured_image_url":null,"rttpg_author":{"display_name":"EDMP","author_link":"https:\/\/edmpgroup.com\/es\/author\/administrator\/"},"rttpg_comment":0,"rttpg_category":null,"rttpg_excerpt":"\/\/ Centro de sabidur\u00eda Centro de sabidur\u00eda Por qu\u00e9 es importante la comunicaci\u00f3n constructiva Los peligros de confiar \u00fanicamente en correos electr\u00f3nicos y mensajes: por qu\u00e9 es importante la comunicaci\u00f3n constructiva. Descargar","_links":{"self":[{"href":"https:\/\/edmpgroup.com\/es\/wp-json\/wp\/v2\/pages\/5220","targetHints":{"allow":["GET"]}}],"collection":[{"href":"https:\/\/edmpgroup.com\/es\/wp-json\/wp\/v2\/pages"}],"about":[{"href":"https:\/\/edmpgroup.com\/es\/wp-json\/wp\/v2\/types\/page"}],"author":[{"embeddable":true,"href":"https:\/\/edmpgroup.com\/es\/wp-json\/wp\/v2\/users\/1"}],"replies":[{"embeddable":true,"href":"https:\/\/edmpgroup.com\/es\/wp-json\/wp\/v2\/comments?post=5220"}],"version-history":[{"count":53,"href":"https:\/\/edmpgroup.com\/es\/wp-json\/wp\/v2\/pages\/5220\/revisions"}],"predecessor-version":[{"id":7534,"href":"https:\/\/edmpgroup.com\/es\/wp-json\/wp\/v2\/pages\/5220\/revisions\/7534"}],"wp:attachment":[{"href":"https:\/\/edmpgroup.com\/es\/wp-json\/wp\/v2\/media?parent=5220"}],"curies":[{"name":"wp","href":"https:\/\/api.w.org\/{rel}","templated":true}]}}